{"id":1476,"date":"2023-10-09T16:23:54","date_gmt":"2023-10-09T20:23:54","guid":{"rendered":"https:\/\/unotja.org.bo\/?page_id=1476"},"modified":"2026-04-28T19:12:02","modified_gmt":"2026-04-28T23:12:02","slug":"odontologia-4","status":"publish","type":"page","link":"https:\/\/unotja.org.bo\/index.php\/odontologia-4\/","title":{"rendered":"Odontolog\u00eda"},"content":{"rendered":"<div class=\"wp-block-image\">\n<figure class=\"alignright size-large is-resized\"><img decoding=\"async\" loading=\"lazy\" width=\"1024\" height=\"1024\" src=\"https:\/\/unotja.org.bo\/wp-content\/uploads\/2025\/10\/560617468_843836084644034_2977054746232973476_n-1024x1024.jpg\" alt=\"\" class=\"wp-image-4898\" style=\"aspect-ratio:0.6618635926993276;width:770px;height:auto\" srcset=\"https:\/\/unotja.org.bo\/wp-content\/uploads\/2025\/10\/560617468_843836084644034_2977054746232973476_n-1024x1024.jpg 1024w, https:\/\/unotja.org.bo\/wp-content\/uploads\/2025\/10\/560617468_843836084644034_2977054746232973476_n-300x300.jpg 300w, https:\/\/unotja.org.bo\/wp-content\/uploads\/2025\/10\/560617468_843836084644034_2977054746232973476_n-150x150.jpg 150w, https:\/\/unotja.org.bo\/wp-content\/uploads\/2025\/10\/560617468_843836084644034_2977054746232973476_n-768x768.jpg 768w, https:\/\/unotja.org.bo\/wp-content\/uploads\/2025\/10\/560617468_843836084644034_2977054746232973476_n.jpg 1080w\" sizes=\"(max-width: 1024px) 100vw, 1024px\" \/><\/figure><\/div>\n\n\n<h2 class=\"wp-block-heading\">Perfil de la Carrera<\/h2>\n\n\n\n<p><strong>Grado Acad\u00e9mico:<\/strong> Licenciatura en Odontolog\u00eda<\/p>\n\n\n\n<p><strong>Tiempo de profesionalizaci\u00f3n:<\/strong> 9 semestres<\/p>\n\n\n\n<p><strong>Modalidad de Graduaci\u00f3n:<\/strong> Examen de grado<\/p>\n\n\n\n<p><\/p>\n\n\n\n<div class=\"wp-block-buttons is-content-justification-center is-layout-flex wp-container-1 wp-block-buttons-is-layout-flex\">\n<div class=\"wp-block-button is-style-primary\"><a class=\"wp-block-button__link wp-element-button\" href=\"https:\/\/unotja.org.bo\/index.php\/objetivos-de-la-carrera-3\/\">OBJETIVOS DE LA CARRERA<\/a><\/div>\n\n\n\n<div class=\"wp-block-button is-style-primary\"><a class=\"wp-block-button__link wp-element-button\" href=\"https:\/\/unotja.org.bo\/index.php\/perfil-profesional-3\/\">PERFIL PROFESIONAL<\/a><\/div>\n\n\n\n<div class=\"wp-block-button is-style-primary\"><a class=\"wp-block-button__link wp-element-button\" href=\"https:\/\/unotja.org.bo\/index.php\/campos-de-trabajo-2\/\">CAMPOS DE TRABAJO<\/a><\/div>\n\n\n\n<div class=\"wp-block-button is-style-primary\"><a class=\"wp-block-button__link wp-element-button\">PLAN DE ESTUDIOS<\/a><\/div>\n\n\n\n<div class=\"wp-block-button is-style-primary\"><a class=\"wp-block-button__link wp-element-button\" href=\"https:\/\/unotja.org.bo\/index.php\/clinica\/\">CL\u00cdNICA<\/a><\/div>\n\n\n\n<div class=\"wp-block-button is-style-primary\"><a class=\"wp-block-button__link wp-element-button\">GALER\u00cdA<\/a><\/div>\n\n\n\n<div class=\"wp-block-button is-style-primary\"><a class=\"wp-block-button__link wp-element-button\" href=\"https:\/\/unotja.org.bo\/index.php\/primer-parcial-odontologia-gestion-i-2026\/\">ROL SEGUNDO PARCIAL<\/a><\/div>\n<\/div>\n","protected":false},"excerpt":{"rendered":"<p>Perfil de la Carrera Grado Acad\u00e9mico: Licenciatura en Odontolog\u00eda Tiempo de profesionalizaci\u00f3n: 9 semestres Modalidad de Graduaci\u00f3n: Examen de grado<\/p>\n","protected":false},"author":1,"featured_media":0,"parent":0,"menu_order":0,"comment_status":"closed","ping_status":"closed","template":"","meta":{"neve_meta_sidebar":"","neve_meta_container":"","neve_meta_enable_content_width":"","neve_meta_content_width":0,"neve_meta_title_alignment":"","neve_meta_author_avatar":"","neve_post_elements_order":"","neve_meta_disable_header":"","neve_meta_disable_footer":"","neve_meta_disable_title":"","footnotes":""},"_links":{"self":[{"href":"https:\/\/unotja.org.bo\/index.php\/wp-json\/wp\/v2\/pages\/1476"}],"collection":[{"href":"https:\/\/unotja.org.bo\/index.php\/wp-json\/wp\/v2\/pages"}],"about":[{"href":"https:\/\/unotja.org.bo\/index.php\/wp-json\/wp\/v2\/types\/page"}],"author":[{"embeddable":true,"href":"https:\/\/unotja.org.bo\/index.php\/wp-json\/wp\/v2\/users\/1"}],"replies":[{"embeddable":true,"href":"https:\/\/unotja.org.bo\/index.php\/wp-json\/wp\/v2\/comments?post=1476"}],"version-history":[{"count":16,"href":"https:\/\/unotja.org.bo\/index.php\/wp-json\/wp\/v2\/pages\/1476\/revisions"}],"predecessor-version":[{"id":5216,"href":"https:\/\/unotja.org.bo\/index.php\/wp-json\/wp\/v2\/pages\/1476\/revisions\/5216"}],"wp:attachment":[{"href":"https:\/\/unotja.org.bo\/index.php\/wp-json\/wp\/v2\/media?parent=1476"}],"curies":[{"name":"wp","href":"https:\/\/api.w.org\/{rel}","templated":true}]}}