{"id":1506,"date":"2023-10-09T17:07:31","date_gmt":"2023-10-09T21:07:31","guid":{"rendered":"https:\/\/unotja.org.bo\/?page_id=1506"},"modified":"2024-11-14T11:08:13","modified_gmt":"2024-11-14T15:08:13","slug":"lineas-de-investigacion","status":"publish","type":"page","link":"https:\/\/unotja.org.bo\/index.php\/lineas-de-investigacion\/","title":{"rendered":"L\u00edneas de Investigaci\u00f3n"},"content":{"rendered":"\n<p>Las l\u00edneas de investigaci\u00f3n son enfoques que adoptan los estudios para generar nuevos conocimientos sobre un tema espec\u00edfico, utilizando perspectivas de an\u00e1lisis, m\u00e9todos y fuentes adecuados.<\/p>\n\n\n\n<p><strong>La Universidad nacional del Oriente-Tarija<\/strong> trabaja en la elaboraci\u00f3n de l\u00edneas de investigaci\u00f3n para sus carreras del \u00e1rea de la salud en base a criterios de actualidad, amplitud y relevancia fundamentados en la realidad social del departamento de Tarija con el compromiso de aportar nuevo conocimiento para responder a los problemas de la regi\u00f3n.<\/p>\n\n\n\n<figure class=\"wp-block-video\"><video controls src=\"https:\/\/unotja.org.bo\/wp-content\/uploads\/2024\/11\/FDownloader.Net_AQO3KHGqwtlyjxkxgBTU0FdwUnZ9cxuij8XoeIdqKpNTC5aQp7TxT7Geo-GrCJDMXyNaEBAjCm_BQwcRy-TOf07p_720p_HD-1.mp4\"><\/video><\/figure>\n","protected":false},"excerpt":{"rendered":"<p>Las l\u00edneas de investigaci\u00f3n son enfoques que adoptan los estudios para generar nuevos conocimientos sobre un tema espec\u00edfico, utilizando perspectivas de an\u00e1lisis, m\u00e9todos y fuentes adecuados. La Universidad nacional del Oriente-Tarija trabaja en la elaboraci\u00f3n de l\u00edneas de investigaci\u00f3n para sus carreras del \u00e1rea de la salud en base a criterios de actualidad, amplitud y&hellip;&nbsp;<a href=\"https:\/\/unotja.org.bo\/index.php\/lineas-de-investigacion\/\" class=\"\" rel=\"bookmark\">Leer m\u00e1s &raquo;<span class=\"screen-reader-text\">L\u00edneas de Investigaci\u00f3n<\/span><\/a><\/p>\n","protected":false},"author":1,"featured_media":0,"parent":0,"menu_order":0,"comment_status":"closed","ping_status":"closed","template":"","meta":{"neve_meta_sidebar":"","neve_meta_container":"","neve_meta_enable_content_width":"","neve_meta_content_width":0,"neve_meta_title_alignment":"","neve_meta_author_avatar":"","neve_post_elements_order":"","neve_meta_disable_header":"","neve_meta_disable_footer":"","neve_meta_disable_title":"","footnotes":""},"_links":{"self":[{"href":"https:\/\/unotja.org.bo\/index.php\/wp-json\/wp\/v2\/pages\/1506"}],"collection":[{"href":"https:\/\/unotja.org.bo\/index.php\/wp-json\/wp\/v2\/pages"}],"about":[{"href":"https:\/\/unotja.org.bo\/index.php\/wp-json\/wp\/v2\/types\/page"}],"author":[{"embeddable":true,"href":"https:\/\/unotja.org.bo\/index.php\/wp-json\/wp\/v2\/users\/1"}],"replies":[{"embeddable":true,"href":"https:\/\/unotja.org.bo\/index.php\/wp-json\/wp\/v2\/comments?post=1506"}],"version-history":[{"count":3,"href":"https:\/\/unotja.org.bo\/index.php\/wp-json\/wp\/v2\/pages\/1506\/revisions"}],"predecessor-version":[{"id":3886,"href":"https:\/\/unotja.org.bo\/index.php\/wp-json\/wp\/v2\/pages\/1506\/revisions\/3886"}],"wp:attachment":[{"href":"https:\/\/unotja.org.bo\/index.php\/wp-json\/wp\/v2\/media?parent=1506"}],"curies":[{"name":"wp","href":"https:\/\/api.w.org\/{rel}","templated":true}]}}