{"id":1606,"date":"2023-10-11T10:07:21","date_gmt":"2023-10-11T14:07:21","guid":{"rendered":"https:\/\/unotja.org.bo\/?page_id=1606"},"modified":"2023-10-11T10:07:21","modified_gmt":"2023-10-11T14:07:21","slug":"perfil-profesional-2","status":"publish","type":"page","link":"https:\/\/unotja.org.bo\/index.php\/perfil-profesional-2\/","title":{"rendered":"Perfil Profesional"},"content":{"rendered":"\n<p>Aborda la fundamentaci\u00f3n te\u00f3rica y metodol\u00f3gica necesarias para comprender el movimiento corporal, estructura y constituci\u00f3n, del ser humano. Para reconocer las enfermedades que lo afectan y buscar un tratamiento o su prevenci\u00f3n.<\/p>\n\n\n\n<p>Sumado a la promoci\u00f3n, prevenci\u00f3n, tratamiento y rehabilitaci\u00f3n, un fisioterapeuta sabr\u00e1 administrar, educar e investigar aspectos relacionados al cuidado de la condici\u00f3n fisiocin\u00e9tica.<\/p>\n\n\n\n<p>Es deseable que aquellas personas que ingresen a estos programas posean creatividad, vocaci\u00f3n de servicio, habilidades comunicativas, empat\u00eda hacia los dem\u00e1s y un fuerte esp\u00edritu de servicio, capacidad de escuchar con paciencia y de comprender las necesidades de las personas, capacidad de trabajare en equipo, capacidad de observaci\u00f3n y an\u00e1lisis, destreza manual y corporal, inter\u00e9s por la ciencia (en particular la anatom\u00eda, f\u00edsica y qu\u00edmica) y aptitud para el aprendizaje, inclinaci\u00f3n hacia la investigaci\u00f3n y el aprendizaje de nuevas t\u00e9cnicas de tratamiento.<\/p>\n","protected":false},"excerpt":{"rendered":"<p>Aborda la fundamentaci\u00f3n te\u00f3rica y metodol\u00f3gica necesarias para comprender el movimiento corporal, estructura y constituci\u00f3n, del ser humano. Para reconocer las enfermedades que lo afectan y buscar un tratamiento o su prevenci\u00f3n. Sumado a la promoci\u00f3n, prevenci\u00f3n, tratamiento y rehabilitaci\u00f3n, un fisioterapeuta sabr\u00e1 administrar, educar e investigar aspectos relacionados al cuidado de la condici\u00f3n fisiocin\u00e9tica.&hellip;&nbsp;<a href=\"https:\/\/unotja.org.bo\/index.php\/perfil-profesional-2\/\" class=\"\" rel=\"bookmark\">Leer m\u00e1s &raquo;<span class=\"screen-reader-text\">Perfil Profesional<\/span><\/a><\/p>\n","protected":false},"author":1,"featured_media":0,"parent":0,"menu_order":0,"comment_status":"closed","ping_status":"closed","template":"","meta":{"neve_meta_sidebar":"","neve_meta_container":"","neve_meta_enable_content_width":"","neve_meta_content_width":0,"neve_meta_title_alignment":"","neve_meta_author_avatar":"","neve_post_elements_order":"","neve_meta_disable_header":"","neve_meta_disable_footer":"","neve_meta_disable_title":"","footnotes":""},"_links":{"self":[{"href":"https:\/\/unotja.org.bo\/index.php\/wp-json\/wp\/v2\/pages\/1606"}],"collection":[{"href":"https:\/\/unotja.org.bo\/index.php\/wp-json\/wp\/v2\/pages"}],"about":[{"href":"https:\/\/unotja.org.bo\/index.php\/wp-json\/wp\/v2\/types\/page"}],"author":[{"embeddable":true,"href":"https:\/\/unotja.org.bo\/index.php\/wp-json\/wp\/v2\/users\/1"}],"replies":[{"embeddable":true,"href":"https:\/\/unotja.org.bo\/index.php\/wp-json\/wp\/v2\/comments?post=1606"}],"version-history":[{"count":1,"href":"https:\/\/unotja.org.bo\/index.php\/wp-json\/wp\/v2\/pages\/1606\/revisions"}],"predecessor-version":[{"id":1607,"href":"https:\/\/unotja.org.bo\/index.php\/wp-json\/wp\/v2\/pages\/1606\/revisions\/1607"}],"wp:attachment":[{"href":"https:\/\/unotja.org.bo\/index.php\/wp-json\/wp\/v2\/media?parent=1606"}],"curies":[{"name":"wp","href":"https:\/\/api.w.org\/{rel}","templated":true}]}}