{"id":1618,"date":"2023-10-11T10:22:06","date_gmt":"2023-10-11T14:22:06","guid":{"rendered":"https:\/\/unotja.org.bo\/?page_id=1618"},"modified":"2023-10-11T11:31:43","modified_gmt":"2023-10-11T15:31:43","slug":"objetivos-de-la-carrera-3","status":"publish","type":"page","link":"https:\/\/unotja.org.bo\/index.php\/objetivos-de-la-carrera-3\/","title":{"rendered":"Objetivos de la Carrera"},"content":{"rendered":"<div class=\"wp-block-image\">\n<figure class=\"alignright size-large\"><img decoding=\"async\" src=\"https:\/\/unotja.org.bo\/wp-content\/uploads\/2023\/10\/DSC04543-683x1024.jpg\" alt=\"\" class=\"wp-image-1673\"\/><\/figure><\/div>\n\n\n<p>La Carrera de <strong>Odontolog\u00eda<\/strong> de la <strong>UNO<\/strong>, tiene por objetivo, formar profesionales integrales y humanitarios en el \u00e1mbito de la salud oral, con una s\u00f3lida formaci\u00f3n que fomenta, previene, restablece y mantiene la salud bucal y maxilo-facial de las personas y comunidades bajo su \u00e1rea de influencia.<\/p>\n","protected":false},"excerpt":{"rendered":"<p>La Carrera de Odontolog\u00eda de la UNO, tiene por objetivo, formar profesionales integrales y humanitarios en el \u00e1mbito de la salud oral, con una s\u00f3lida formaci\u00f3n que fomenta, previene, restablece y mantiene la salud bucal y maxilo-facial de las personas y comunidades bajo su \u00e1rea de influencia.<\/p>\n","protected":false},"author":1,"featured_media":0,"parent":0,"menu_order":0,"comment_status":"closed","ping_status":"closed","template":"","meta":{"neve_meta_sidebar":"","neve_meta_container":"","neve_meta_enable_content_width":"","neve_meta_content_width":0,"neve_meta_title_alignment":"","neve_meta_author_avatar":"","neve_post_elements_order":"","neve_meta_disable_header":"","neve_meta_disable_footer":"","neve_meta_disable_title":"","footnotes":""},"_links":{"self":[{"href":"https:\/\/unotja.org.bo\/index.php\/wp-json\/wp\/v2\/pages\/1618"}],"collection":[{"href":"https:\/\/unotja.org.bo\/index.php\/wp-json\/wp\/v2\/pages"}],"about":[{"href":"https:\/\/unotja.org.bo\/index.php\/wp-json\/wp\/v2\/types\/page"}],"author":[{"embeddable":true,"href":"https:\/\/unotja.org.bo\/index.php\/wp-json\/wp\/v2\/users\/1"}],"replies":[{"embeddable":true,"href":"https:\/\/unotja.org.bo\/index.php\/wp-json\/wp\/v2\/comments?post=1618"}],"version-history":[{"count":2,"href":"https:\/\/unotja.org.bo\/index.php\/wp-json\/wp\/v2\/pages\/1618\/revisions"}],"predecessor-version":[{"id":1674,"href":"https:\/\/unotja.org.bo\/index.php\/wp-json\/wp\/v2\/pages\/1618\/revisions\/1674"}],"wp:attachment":[{"href":"https:\/\/unotja.org.bo\/index.php\/wp-json\/wp\/v2\/media?parent=1618"}],"curies":[{"name":"wp","href":"https:\/\/api.w.org\/{rel}","templated":true}]}}