{"id":1622,"date":"2023-10-11T10:31:07","date_gmt":"2023-10-11T14:31:07","guid":{"rendered":"https:\/\/unotja.org.bo\/?page_id=1622"},"modified":"2023-10-11T11:35:11","modified_gmt":"2023-10-11T15:35:11","slug":"campos-de-trabajo-2","status":"publish","type":"page","link":"https:\/\/unotja.org.bo\/index.php\/campos-de-trabajo-2\/","title":{"rendered":"Campos de Trabajo"},"content":{"rendered":"<div class=\"wp-block-image\">\n<figure class=\"alignright size-large is-resized\"><img decoding=\"async\" loading=\"lazy\" src=\"https:\/\/unotja.org.bo\/wp-content\/uploads\/2023\/10\/DSC04639-1024x683.jpg\" alt=\"\" class=\"wp-image-1675\" style=\"width:714px;height:476px\" width=\"714\" height=\"476\"\/><\/figure><\/div>\n\n\n<p>La demanda laboral de los odont\u00f3logos se encuentra en constante crecimiento y renovaci\u00f3n, es por eso que los futuros profesionales en <strong>Odontolog\u00eda de la UNO<\/strong>, puede trabajar tanto en hospitales, como en cl\u00ednicas, as\u00ed como tambi\u00e9n puede trabajar de manera individual en un consultorio personal o colectivo. Dentro de las universidades, los odont\u00f3logos tienen un espacio de desarrollo a trav\u00e9s de la docencia y de la investigaci\u00f3n.<\/p>\n","protected":false},"excerpt":{"rendered":"<p>La demanda laboral de los odont\u00f3logos se encuentra en constante crecimiento y renovaci\u00f3n, es por eso que los futuros profesionales en Odontolog\u00eda de la UNO, puede trabajar tanto en hospitales, como en cl\u00ednicas, as\u00ed como tambi\u00e9n puede trabajar de manera individual en un consultorio personal o colectivo. Dentro de las universidades, los odont\u00f3logos tienen un&hellip;&nbsp;<a href=\"https:\/\/unotja.org.bo\/index.php\/campos-de-trabajo-2\/\" class=\"\" rel=\"bookmark\">Leer m\u00e1s &raquo;<span class=\"screen-reader-text\">Campos de Trabajo<\/span><\/a><\/p>\n","protected":false},"author":1,"featured_media":0,"parent":0,"menu_order":0,"comment_status":"closed","ping_status":"closed","template":"","meta":{"neve_meta_sidebar":"","neve_meta_container":"","neve_meta_enable_content_width":"","neve_meta_content_width":0,"neve_meta_title_alignment":"","neve_meta_author_avatar":"","neve_post_elements_order":"","neve_meta_disable_header":"","neve_meta_disable_footer":"","neve_meta_disable_title":"","footnotes":""},"_links":{"self":[{"href":"https:\/\/unotja.org.bo\/index.php\/wp-json\/wp\/v2\/pages\/1622"}],"collection":[{"href":"https:\/\/unotja.org.bo\/index.php\/wp-json\/wp\/v2\/pages"}],"about":[{"href":"https:\/\/unotja.org.bo\/index.php\/wp-json\/wp\/v2\/types\/page"}],"author":[{"embeddable":true,"href":"https:\/\/unotja.org.bo\/index.php\/wp-json\/wp\/v2\/users\/1"}],"replies":[{"embeddable":true,"href":"https:\/\/unotja.org.bo\/index.php\/wp-json\/wp\/v2\/comments?post=1622"}],"version-history":[{"count":2,"href":"https:\/\/unotja.org.bo\/index.php\/wp-json\/wp\/v2\/pages\/1622\/revisions"}],"predecessor-version":[{"id":1677,"href":"https:\/\/unotja.org.bo\/index.php\/wp-json\/wp\/v2\/pages\/1622\/revisions\/1677"}],"wp:attachment":[{"href":"https:\/\/unotja.org.bo\/index.php\/wp-json\/wp\/v2\/media?parent=1622"}],"curies":[{"name":"wp","href":"https:\/\/api.w.org\/{rel}","templated":true}]}}