{"id":1627,"date":"2023-10-11T10:34:57","date_gmt":"2023-10-11T14:34:57","guid":{"rendered":"https:\/\/unotja.org.bo\/?page_id=1627"},"modified":"2023-10-12T08:47:50","modified_gmt":"2023-10-12T12:47:50","slug":"clinica","status":"publish","type":"page","link":"https:\/\/unotja.org.bo\/index.php\/clinica\/","title":{"rendered":"Cl\u00ednica"},"content":{"rendered":"\n<p>El \ud835\udc02\ud835\udc1e\ud835\udc27\ud835\udc2d\ud835\udc2b\ud835\udc28 \ud835\udc1d\ud835\udc1e \ud835\udc0f\ud835\udc2b\ud835\udc1a\u0301\ud835\udc1c\ud835\udc2d\ud835\udc22\ud835\udc1c\ud835\udc1a\ud835\udc2c \ud835\udc0e\ud835\udc1d\ud835\udc28\ud835\udc27\ud835\udc2d\ud835\udc28\ud835\udc25\ud835\udc28\u0301\ud835\udc20\ud835\udc22\ud835\udc1c\ud835\udc1a\ud835\udc2c de la <img decoding=\"async\" loading=\"lazy\" height=\"16\" width=\"16\" alt=\"\ud83c\uddee\ud83c\udde9\" src=\"https:\/\/static.xx.fbcdn.net\/images\/emoji.php\/v9\/t1a\/1\/16\/1f1ee_1f1e9.png\"><a href=\"https:\/\/www.facebook.com\/UNOTarija?__cft__[0]=AZWA4vvyQi-aDbeY6HTfYdhcO1cFxieNbaaSn8BsvguS5wTkzeelZgJZ7x0m8_nSdLt6xzQ-Jpd86m3RUZDMZMLLBXDrQBhOuhLTP44d6q5uCLtCiubBH2R8rVseshtVsNBcIwVz-X1JSIwC80Hur3_TgNHv4BpdcDYkr8uhVK6g-DYq5lp7Oz7o0AqGHwJrieQ&amp;__tn__=-]K-R\">Universidad UNO Tarija<\/a><img decoding=\"async\" loading=\"lazy\" height=\"16\" width=\"16\" alt=\"\ud83c\uddee\ud83c\udde9\" src=\"https:\/\/static.xx.fbcdn.net\/images\/emoji.php\/v9\/t1a\/1\/16\/1f1ee_1f1e9.png\"> abre sus puertas con el objetivo de convertir la odontolog\u00eda en un servicio pr\u00f3ximo y accesible.<\/p>\n\n\n\n<p>Este centro tiene una finalidad docente, siendo el lugar donde los estudiantes universitarios de los \u00faltimos cursos de Odontolog\u00eda de la Universidad realizan las pr\u00e1cticas cl\u00ednicas bajo la estricta supervisi\u00f3n del personal docente y siguiendo precisos protocolos de <a><\/a>actuaci\u00f3n sin olvidar la atenci\u00f3n, la calidad y las garant\u00edas de higiene y confidencialidad. <img decoding=\"async\" loading=\"lazy\" height=\"16\" width=\"16\" alt=\"\ud83e\uddb7\" src=\"https:\/\/static.xx.fbcdn.net\/images\/emoji.php\/v9\/t26\/1\/16\/1f9b7.png\"><\/p>\n\n\n\n<p>Cualquier persona que lo solicite puede ser atendida en nuestra cl\u00ednica: tras estudiar su caso, en una primera visita gratuita, estableceremos el tratamiento que mejor se ajuste a sus necesidades.<\/p>\n\n\n\n<p>La UNO contigo <img decoding=\"async\" loading=\"lazy\" height=\"16\" width=\"16\" alt=\"\u261d\ufe0f\" src=\"https:\/\/static.xx.fbcdn.net\/images\/emoji.php\/v9\/t40\/1\/16\/261d.png\"><\/p>\n\n\n\n<div class=\"wp-block-buttons is-layout-flex wp-block-buttons-is-layout-flex\">\n<div class=\"wp-block-button is-style-primary\"><a class=\"wp-block-button__link wp-element-button\">ODONTOPEDIATR\u00cdA<\/a><\/div>\n\n\n\n<div class=\"wp-block-button is-style-primary\"><a class=\"wp-block-button__link wp-element-button\">ORTODONCIA <\/a><\/div>\n\n\n\n<div class=\"wp-block-button is-style-primary\"><a class=\"wp-block-button__link wp-element-button\">PERIODONCIA <\/a><\/div>\n\n\n\n<div class=\"wp-block-button is-style-primary\"><a class=\"wp-block-button__link wp-element-button\">OPERATORIA DENTAL<\/a><\/div>\n<\/div>\n\n\n\n<div class=\"wp-block-buttons is-layout-flex wp-block-buttons-is-layout-flex\">\n<div class=\"wp-block-button is-style-primary\"><a class=\"wp-block-button__link wp-element-button\">CIRUGIA BUCAL<\/a><\/div>\n\n\n\n<div class=\"wp-block-button is-style-primary\"><a class=\"wp-block-button__link wp-element-button\">PR\u00d3TESIS FIJA<\/a><\/div>\n\n\n\n<div class=\"wp-block-button is-style-primary\"><a class=\"wp-block-button__link wp-element-button\">PR\u00d3TESIS REMOVIBLE<\/a><\/div>\n<\/div>\n","protected":false},"excerpt":{"rendered":"<p>El \ud835\udc02\ud835\udc1e\ud835\udc27\ud835\udc2d\ud835\udc2b\ud835\udc28 \ud835\udc1d\ud835\udc1e \ud835\udc0f\ud835\udc2b\ud835\udc1a\u0301\ud835\udc1c\ud835\udc2d\ud835\udc22\ud835\udc1c\ud835\udc1a\ud835\udc2c \ud835\udc0e\ud835\udc1d\ud835\udc28\ud835\udc27\ud835\udc2d\ud835\udc28\ud835\udc25\ud835\udc28\u0301\ud835\udc20\ud835\udc22\ud835\udc1c\ud835\udc1a\ud835\udc2c de la Universidad UNO Tarija abre sus puertas con el objetivo de convertir la odontolog\u00eda en un servicio pr\u00f3ximo y accesible. Este centro tiene una finalidad docente, siendo el lugar donde los estudiantes universitarios de los \u00faltimos cursos de Odontolog\u00eda de la Universidad realizan las pr\u00e1cticas cl\u00ednicas bajo la estricta&hellip;&nbsp;<a href=\"https:\/\/unotja.org.bo\/index.php\/clinica\/\" class=\"\" rel=\"bookmark\">Leer m\u00e1s &raquo;<span class=\"screen-reader-text\">Cl\u00ednica<\/span><\/a><\/p>\n","protected":false},"author":1,"featured_media":0,"parent":0,"menu_order":0,"comment_status":"closed","ping_status":"closed","template":"","meta":{"neve_meta_sidebar":"","neve_meta_container":"","neve_meta_enable_content_width":"","neve_meta_content_width":0,"neve_meta_title_alignment":"","neve_meta_author_avatar":"","neve_post_elements_order":"","neve_meta_disable_header":"","neve_meta_disable_footer":"","neve_meta_disable_title":"","footnotes":""},"_links":{"self":[{"href":"https:\/\/unotja.org.bo\/index.php\/wp-json\/wp\/v2\/pages\/1627"}],"collection":[{"href":"https:\/\/unotja.org.bo\/index.php\/wp-json\/wp\/v2\/pages"}],"about":[{"href":"https:\/\/unotja.org.bo\/index.php\/wp-json\/wp\/v2\/types\/page"}],"author":[{"embeddable":true,"href":"https:\/\/unotja.org.bo\/index.php\/wp-json\/wp\/v2\/users\/1"}],"replies":[{"embeddable":true,"href":"https:\/\/unotja.org.bo\/index.php\/wp-json\/wp\/v2\/comments?post=1627"}],"version-history":[{"count":2,"href":"https:\/\/unotja.org.bo\/index.php\/wp-json\/wp\/v2\/pages\/1627\/revisions"}],"predecessor-version":[{"id":1698,"href":"https:\/\/unotja.org.bo\/index.php\/wp-json\/wp\/v2\/pages\/1627\/revisions\/1698"}],"wp:attachment":[{"href":"https:\/\/unotja.org.bo\/index.php\/wp-json\/wp\/v2\/media?parent=1627"}],"curies":[{"name":"wp","href":"https:\/\/api.w.org\/{rel}","templated":true}]}}