{"id":1640,"date":"2023-10-11T10:48:14","date_gmt":"2023-10-11T14:48:14","guid":{"rendered":"https:\/\/unotja.org.bo\/?page_id=1640"},"modified":"2023-10-11T11:43:20","modified_gmt":"2023-10-11T15:43:20","slug":"objetivos-de-la-carrera-5","status":"publish","type":"page","link":"https:\/\/unotja.org.bo\/index.php\/objetivos-de-la-carrera-5\/","title":{"rendered":"Objetivos de la Carrera"},"content":{"rendered":"<div class=\"wp-block-image\">\n<figure class=\"alignright size-large is-resized\"><img decoding=\"async\" loading=\"lazy\" src=\"https:\/\/unotja.org.bo\/wp-content\/uploads\/2023\/10\/DSC00597-1024x683.jpg\" alt=\"\" class=\"wp-image-1687\" style=\"width:725px;height:484px\" width=\"725\" height=\"484\"\/><\/figure><\/div>\n\n\n<p>El objetivo de la <strong>Carrera de Enfermer\u00eda de la UNO<\/strong>, tiene por objetivo, formar profesionales con conocimientos te\u00f3rico-pr\u00e1cticos, con capacidad investigativa, pensamiento cr\u00edtico, reflexivo, actitud proactiva y principios \u00e9ticos para la prestaci\u00f3n de servicios de calidad y calidez en los diferentes niveles de atenci\u00f3n en salud.<\/p>\n","protected":false},"excerpt":{"rendered":"<p>El objetivo de la Carrera de Enfermer\u00eda de la UNO, tiene por objetivo, formar profesionales con conocimientos te\u00f3rico-pr\u00e1cticos, con capacidad investigativa, pensamiento cr\u00edtico, reflexivo, actitud proactiva y principios \u00e9ticos para la prestaci\u00f3n de servicios de calidad y calidez en los diferentes niveles de atenci\u00f3n en salud.<\/p>\n","protected":false},"author":1,"featured_media":0,"parent":0,"menu_order":0,"comment_status":"closed","ping_status":"closed","template":"","meta":{"neve_meta_sidebar":"","neve_meta_container":"","neve_meta_enable_content_width":"","neve_meta_content_width":0,"neve_meta_title_alignment":"","neve_meta_author_avatar":"","neve_post_elements_order":"","neve_meta_disable_header":"","neve_meta_disable_footer":"","neve_meta_disable_title":"","footnotes":""},"_links":{"self":[{"href":"https:\/\/unotja.org.bo\/index.php\/wp-json\/wp\/v2\/pages\/1640"}],"collection":[{"href":"https:\/\/unotja.org.bo\/index.php\/wp-json\/wp\/v2\/pages"}],"about":[{"href":"https:\/\/unotja.org.bo\/index.php\/wp-json\/wp\/v2\/types\/page"}],"author":[{"embeddable":true,"href":"https:\/\/unotja.org.bo\/index.php\/wp-json\/wp\/v2\/users\/1"}],"replies":[{"embeddable":true,"href":"https:\/\/unotja.org.bo\/index.php\/wp-json\/wp\/v2\/comments?post=1640"}],"version-history":[{"count":2,"href":"https:\/\/unotja.org.bo\/index.php\/wp-json\/wp\/v2\/pages\/1640\/revisions"}],"predecessor-version":[{"id":1688,"href":"https:\/\/unotja.org.bo\/index.php\/wp-json\/wp\/v2\/pages\/1640\/revisions\/1688"}],"wp:attachment":[{"href":"https:\/\/unotja.org.bo\/index.php\/wp-json\/wp\/v2\/media?parent=1640"}],"curies":[{"name":"wp","href":"https:\/\/api.w.org\/{rel}","templated":true}]}}