{"id":1642,"date":"2023-10-11T10:54:02","date_gmt":"2023-10-11T14:54:02","guid":{"rendered":"https:\/\/unotja.org.bo\/?page_id=1642"},"modified":"2023-10-11T10:54:02","modified_gmt":"2023-10-11T14:54:02","slug":"perfil-profesional-5","status":"publish","type":"page","link":"https:\/\/unotja.org.bo\/index.php\/perfil-profesional-5\/","title":{"rendered":"Perfil Profesional"},"content":{"rendered":"\n<p>El perfil de un estudiante de enfermer\u00eda debe tener:<\/p>\n\n\n\n<ul>\n<li>Amplio sentido de responsabilidad<\/li>\n\n\n\n<li>Aptitudes de liderazgo en la toma de decisiones<\/li>\n\n\n\n<li>Interes y perseverancia por la carrera de enfermer\u00eda y su progreso<\/li>\n\n\n\n<li>Interes por lograr la madurez psicol\u00f3gica y el autocontrol para adaptarse y\/o superar situaciones dif\u00edciles.<\/li>\n\n\n\n<li>Inter\u00e9s iniciativa y perseverancia por la investigaci\u00f3n como camino para solucionar la problem\u00e1tica de la enfermer\u00eda y de la salud en el pa\u00eds<\/li>\n\n\n\n<li>Disposici\u00f3n para establecer buenas relaciones interpersonales<\/li>\n\n\n\n<li>Capacidad para realizar acciones de enfermer\u00eda encaminadas a la promoci\u00f3n del autocuidado para el mantenimiento del bienestar de la persona, familia y comunidad<\/li>\n<\/ul>\n","protected":false},"excerpt":{"rendered":"<p>El perfil de un estudiante de enfermer\u00eda debe tener:<\/p>\n","protected":false},"author":1,"featured_media":0,"parent":0,"menu_order":0,"comment_status":"closed","ping_status":"closed","template":"","meta":{"neve_meta_sidebar":"","neve_meta_container":"","neve_meta_enable_content_width":"","neve_meta_content_width":0,"neve_meta_title_alignment":"","neve_meta_author_avatar":"","neve_post_elements_order":"","neve_meta_disable_header":"","neve_meta_disable_footer":"","neve_meta_disable_title":"","footnotes":""},"_links":{"self":[{"href":"https:\/\/unotja.org.bo\/index.php\/wp-json\/wp\/v2\/pages\/1642"}],"collection":[{"href":"https:\/\/unotja.org.bo\/index.php\/wp-json\/wp\/v2\/pages"}],"about":[{"href":"https:\/\/unotja.org.bo\/index.php\/wp-json\/wp\/v2\/types\/page"}],"author":[{"embeddable":true,"href":"https:\/\/unotja.org.bo\/index.php\/wp-json\/wp\/v2\/users\/1"}],"replies":[{"embeddable":true,"href":"https:\/\/unotja.org.bo\/index.php\/wp-json\/wp\/v2\/comments?post=1642"}],"version-history":[{"count":1,"href":"https:\/\/unotja.org.bo\/index.php\/wp-json\/wp\/v2\/pages\/1642\/revisions"}],"predecessor-version":[{"id":1643,"href":"https:\/\/unotja.org.bo\/index.php\/wp-json\/wp\/v2\/pages\/1642\/revisions\/1643"}],"wp:attachment":[{"href":"https:\/\/unotja.org.bo\/index.php\/wp-json\/wp\/v2\/media?parent=1642"}],"curies":[{"name":"wp","href":"https:\/\/api.w.org\/{rel}","templated":true}]}}