{"id":1659,"date":"2023-10-11T11:20:10","date_gmt":"2023-10-11T15:20:10","guid":{"rendered":"https:\/\/unotja.org.bo\/?page_id=1659"},"modified":"2023-10-11T11:21:22","modified_gmt":"2023-10-11T15:21:22","slug":"perfil-de-la-carrera","status":"publish","type":"page","link":"https:\/\/unotja.org.bo\/index.php\/perfil-de-la-carrera\/","title":{"rendered":"Perfil de la Carrera"},"content":{"rendered":"<div class=\"wp-block-image\">\n<figure class=\"alignright size-large is-resized\"><img decoding=\"async\" loading=\"lazy\" src=\"https:\/\/unotja.org.bo\/wp-content\/uploads\/2023\/10\/DSC03574-1024x683.jpg\" alt=\"\" class=\"wp-image-1660\" style=\"width:633px;height:422px\" width=\"633\" height=\"422\"\/><\/figure><\/div>\n\n\n<p><strong>La Carrera de Fisioterapia y Kinesiolog\u00eda  en la UNO<\/strong>, tiene por objetivo, formar profesionales \u00e9ticos y competentes, con una s\u00f3lida formaci\u00f3n que fomenta, previene, diagnostica y trata a personas.<\/p>\n","protected":false},"excerpt":{"rendered":"<p>La Carrera de Fisioterapia y Kinesiolog\u00eda en la UNO, tiene por objetivo, formar profesionales \u00e9ticos y competentes, con una s\u00f3lida formaci\u00f3n que fomenta, previene, diagnostica y trata a personas.<\/p>\n","protected":false},"author":1,"featured_media":0,"parent":0,"menu_order":0,"comment_status":"closed","ping_status":"closed","template":"","meta":{"neve_meta_sidebar":"","neve_meta_container":"","neve_meta_enable_content_width":"","neve_meta_content_width":0,"neve_meta_title_alignment":"","neve_meta_author_avatar":"","neve_post_elements_order":"","neve_meta_disable_header":"","neve_meta_disable_footer":"","neve_meta_disable_title":"","footnotes":""},"_links":{"self":[{"href":"https:\/\/unotja.org.bo\/index.php\/wp-json\/wp\/v2\/pages\/1659"}],"collection":[{"href":"https:\/\/unotja.org.bo\/index.php\/wp-json\/wp\/v2\/pages"}],"about":[{"href":"https:\/\/unotja.org.bo\/index.php\/wp-json\/wp\/v2\/types\/page"}],"author":[{"embeddable":true,"href":"https:\/\/unotja.org.bo\/index.php\/wp-json\/wp\/v2\/users\/1"}],"replies":[{"embeddable":true,"href":"https:\/\/unotja.org.bo\/index.php\/wp-json\/wp\/v2\/comments?post=1659"}],"version-history":[{"count":2,"href":"https:\/\/unotja.org.bo\/index.php\/wp-json\/wp\/v2\/pages\/1659\/revisions"}],"predecessor-version":[{"id":1663,"href":"https:\/\/unotja.org.bo\/index.php\/wp-json\/wp\/v2\/pages\/1659\/revisions\/1663"}],"wp:attachment":[{"href":"https:\/\/unotja.org.bo\/index.php\/wp-json\/wp\/v2\/media?parent=1659"}],"curies":[{"name":"wp","href":"https:\/\/api.w.org\/{rel}","templated":true}]}}