{"id":1690,"date":"2023-10-11T11:45:00","date_gmt":"2023-10-11T15:45:00","guid":{"rendered":"https:\/\/unotja.org.bo\/?page_id=1690"},"modified":"2023-10-11T11:45:01","modified_gmt":"2023-10-11T15:45:01","slug":"campos-de-trabajo-3","status":"publish","type":"page","link":"https:\/\/unotja.org.bo\/index.php\/campos-de-trabajo-3\/","title":{"rendered":"Campos de Trabajo"},"content":{"rendered":"<div class=\"wp-block-image\">\n<figure class=\"alignright size-large is-resized\"><img decoding=\"async\" loading=\"lazy\" src=\"https:\/\/unotja.org.bo\/wp-content\/uploads\/2023\/10\/DSC08623-1024x683.jpg\" alt=\"\" class=\"wp-image-1691\" style=\"width:712px;height:475px\" width=\"712\" height=\"475\"\/><\/figure><\/div>\n\n\n<p>Dentro de la Enfermer\u00eda hay muchos campos de trabajo, en funci\u00f3n de cu\u00e1l sea su rama. Algunos ejemplos de campos de especializaci\u00f3n son: cuidados intensivos, cuidados oncol\u00f3gicos, quir\u00f3fano y recuperaci\u00f3n, y cuidado de personas de edad avanzada.<\/p>\n\n\n\n<p>Por otro lado, los enfermeros tambi\u00e9n pueden desarrollar sus saberes en \u00e1mbitos de la docencia.<\/p>\n","protected":false},"excerpt":{"rendered":"<p>Dentro de la Enfermer\u00eda hay muchos campos de trabajo, en funci\u00f3n de cu\u00e1l sea su rama. Algunos ejemplos de campos de especializaci\u00f3n son: cuidados intensivos, cuidados oncol\u00f3gicos, quir\u00f3fano y recuperaci\u00f3n, y cuidado de personas de edad avanzada. Por otro lado, los enfermeros tambi\u00e9n pueden desarrollar sus saberes en \u00e1mbitos de la docencia.<\/p>\n","protected":false},"author":1,"featured_media":0,"parent":0,"menu_order":0,"comment_status":"closed","ping_status":"closed","template":"","meta":{"neve_meta_sidebar":"","neve_meta_container":"","neve_meta_enable_content_width":"","neve_meta_content_width":0,"neve_meta_title_alignment":"","neve_meta_author_avatar":"","neve_post_elements_order":"","neve_meta_disable_header":"","neve_meta_disable_footer":"","neve_meta_disable_title":"","footnotes":""},"_links":{"self":[{"href":"https:\/\/unotja.org.bo\/index.php\/wp-json\/wp\/v2\/pages\/1690"}],"collection":[{"href":"https:\/\/unotja.org.bo\/index.php\/wp-json\/wp\/v2\/pages"}],"about":[{"href":"https:\/\/unotja.org.bo\/index.php\/wp-json\/wp\/v2\/types\/page"}],"author":[{"embeddable":true,"href":"https:\/\/unotja.org.bo\/index.php\/wp-json\/wp\/v2\/users\/1"}],"replies":[{"embeddable":true,"href":"https:\/\/unotja.org.bo\/index.php\/wp-json\/wp\/v2\/comments?post=1690"}],"version-history":[{"count":1,"href":"https:\/\/unotja.org.bo\/index.php\/wp-json\/wp\/v2\/pages\/1690\/revisions"}],"predecessor-version":[{"id":1692,"href":"https:\/\/unotja.org.bo\/index.php\/wp-json\/wp\/v2\/pages\/1690\/revisions\/1692"}],"wp:attachment":[{"href":"https:\/\/unotja.org.bo\/index.php\/wp-json\/wp\/v2\/media?parent=1690"}],"curies":[{"name":"wp","href":"https:\/\/api.w.org\/{rel}","templated":true}]}}