{"id":4570,"date":"2025-06-26T15:22:24","date_gmt":"2025-06-26T19:22:24","guid":{"rendered":"https:\/\/unotja.org.bo\/?page_id=4570"},"modified":"2025-06-26T15:33:56","modified_gmt":"2025-06-26T19:33:56","slug":"semestre-i-2025","status":"publish","type":"page","link":"https:\/\/unotja.org.bo\/index.php\/semestre-i-2025\/","title":{"rendered":"Semestre I-2025"},"content":{"rendered":"\n<p class=\"has-text-align-left\">La Universidad Nacional del Oriente, Subsede Tarija, se complace en presentar el Bolet\u00edn Informativo correspondiente al primer semestre de la gesti\u00f3n 2025, como un espacio acad\u00e9mico dedicado a la difusi\u00f3n del conocimiento generado en nuestra comunidad universitaria.<\/p>\n\n\n\n<p class=\"has-text-align-left\">Este bolet\u00edn re\u00fane una selecci\u00f3n de investigaciones desarrolladas por estudiantes, docentes y personal administrativo, reflejo del compromiso institucional con la formaci\u00f3n integral, la producci\u00f3n cient\u00edfica y la vinculaci\u00f3n con nuestro entorno. Cada uno de estos trabajos representa no solo un avance en diversas \u00e1reas del saber, sino tambi\u00e9n una respuesta cr\u00edtica y propositiva a las necesidades y desaf\u00edos de nuestra regi\u00f3n y del pa\u00eds.<\/p>\n\n\n\n<p>Con esta publicaci\u00f3n, reafirmamos nuestra misi\u00f3n de fomentar una cultura investigativa, plural e inclusiva, que fortalezca la calidad educativa y contribuya al desarrollo sostenible desde una perspectiva regional, intercultural y transformadora.<\/p>\n\n\n\n<p>Invitamos a toda la comunidad a explorar los contenidos aqu\u00ed presentados, valorando el esfuerzo y la dedicaci\u00f3n de quienes, con rigor y vocaci\u00f3n, aportan al crecimiento de esta casa superior de estudios y a la construcci\u00f3n de una sociedad m\u00e1s justa y equitativa.<\/p>\n\n\n\n<hr class=\"wp-block-separator has-alpha-channel-opacity\"\/>\n\n\n\n<div class=\"wp-block-file\"><object class=\"wp-block-file__embed\" data=\"https:\/\/unotja.org.bo\/wp-content\/uploads\/2025\/06\/MICROBIOTA-INTESTINAL-Y-SALUD-MENTAL_-IMPORTANCIA-DE-LA-EXPLORACION-DE-VINCULOS-CRUCIALES-Y-PERSPECT.pdf\" type=\"application\/pdf\" style=\"width:100%;height:600px\" aria-label=\"Incrustado de MICROBIOTA-INTESTINAL-Y-SALUD-MENTAL_-IMPORTANCIA-DE-LA-EXPLORACION-DE-VINCULOS-CRUCIALES-Y-PERSPECT.\"><\/object><a id=\"wp-block-file--media-1ac1b638-9dd5-4c9f-9cac-28f5ee0bfb7d\" href=\"https:\/\/unotja.org.bo\/wp-content\/uploads\/2025\/06\/MICROBIOTA-INTESTINAL-Y-SALUD-MENTAL_-IMPORTANCIA-DE-LA-EXPLORACION-DE-VINCULOS-CRUCIALES-Y-PERSPECT.pdf\">MICROBIOTA-INTESTINAL-Y-SALUD-MENTAL_-IMPORTANCIA-DE-LA-EXPLORACION-DE-VINCULOS-CRUCIALES-Y-PERSPECT<\/a><a href=\"https:\/\/unotja.org.bo\/wp-content\/uploads\/2025\/06\/MICROBIOTA-INTESTINAL-Y-SALUD-MENTAL_-IMPORTANCIA-DE-LA-EXPLORACION-DE-VINCULOS-CRUCIALES-Y-PERSPECT.pdf\" class=\"wp-block-file__button wp-element-button\" download aria-describedby=\"wp-block-file--media-1ac1b638-9dd5-4c9f-9cac-28f5ee0bfb7d\">Descarga<\/a><\/div>\n\n\n\n<div class=\"wp-block-file\"><object class=\"wp-block-file__embed\" data=\"https:\/\/unotja.org.bo\/wp-content\/uploads\/2025\/06\/La-Migracion-en-el-Area-Rural-por-Deficiencia-de-Atencion-Medica.pdf\" type=\"application\/pdf\" style=\"width:100%;height:600px\" aria-label=\"Incrustado de La-Migracion-en-el-Area-Rural-por-Deficiencia-de-Atencion-Medica.\"><\/object><a id=\"wp-block-file--media-529e157d-85c1-4bc0-9a9a-df811fb69d67\" href=\"https:\/\/unotja.org.bo\/wp-content\/uploads\/2025\/06\/La-Migracion-en-el-Area-Rural-por-Deficiencia-de-Atencion-Medica.pdf\">La-Migracion-en-el-Area-Rural-por-Deficiencia-de-Atencion-Medica<\/a><a href=\"https:\/\/unotja.org.bo\/wp-content\/uploads\/2025\/06\/La-Migracion-en-el-Area-Rural-por-Deficiencia-de-Atencion-Medica.pdf\" class=\"wp-block-file__button wp-element-button\" download aria-describedby=\"wp-block-file--media-529e157d-85c1-4bc0-9a9a-df811fb69d67\">Descarga<\/a><\/div>\n\n\n\n<div class=\"wp-block-file\"><object class=\"wp-block-file__embed\" data=\"https:\/\/unotja.org.bo\/wp-content\/uploads\/2025\/06\/EVALUACION-DE-LOS-NIVELES-DEL-BURNOUT-2025.pdf\" type=\"application\/pdf\" style=\"width:100%;height:600px\" aria-label=\"Incrustado de EVALUACION-DE-LOS-NIVELES-DEL-BURNOUT-2025.\"><\/object><a id=\"wp-block-file--media-d108068a-1d31-4ecb-9a87-e4d80b5bdb4a\" href=\"https:\/\/unotja.org.bo\/wp-content\/uploads\/2025\/06\/EVALUACION-DE-LOS-NIVELES-DEL-BURNOUT-2025.pdf\">EVALUACION-DE-LOS-NIVELES-DEL-BURNOUT-2025<\/a><a href=\"https:\/\/unotja.org.bo\/wp-content\/uploads\/2025\/06\/EVALUACION-DE-LOS-NIVELES-DEL-BURNOUT-2025.pdf\" class=\"wp-block-file__button wp-element-button\" download aria-describedby=\"wp-block-file--media-d108068a-1d31-4ecb-9a87-e4d80b5bdb4a\">Descarga<\/a><\/div>\n","protected":false},"excerpt":{"rendered":"<p>La Universidad Nacional del Oriente, Subsede Tarija, se complace en presentar el Bolet\u00edn Informativo correspondiente al primer semestre de la gesti\u00f3n 2025, como un espacio acad\u00e9mico dedicado a la difusi\u00f3n del conocimiento generado en nuestra comunidad universitaria. Este bolet\u00edn re\u00fane una selecci\u00f3n de investigaciones desarrolladas por estudiantes, docentes y personal administrativo, reflejo del compromiso institucional&hellip;&nbsp;<a href=\"https:\/\/unotja.org.bo\/index.php\/semestre-i-2025\/\" class=\"\" rel=\"bookmark\">Leer m\u00e1s &raquo;<span class=\"screen-reader-text\">Semestre I-2025<\/span><\/a><\/p>\n","protected":false},"author":1,"featured_media":0,"parent":0,"menu_order":0,"comment_status":"closed","ping_status":"closed","template":"","meta":{"neve_meta_sidebar":"","neve_meta_container":"","neve_meta_enable_content_width":"","neve_meta_content_width":0,"neve_meta_title_alignment":"","neve_meta_author_avatar":"","neve_post_elements_order":"","neve_meta_disable_header":"","neve_meta_disable_footer":"","neve_meta_disable_title":"","footnotes":""},"_links":{"self":[{"href":"https:\/\/unotja.org.bo\/index.php\/wp-json\/wp\/v2\/pages\/4570"}],"collection":[{"href":"https:\/\/unotja.org.bo\/index.php\/wp-json\/wp\/v2\/pages"}],"about":[{"href":"https:\/\/unotja.org.bo\/index.php\/wp-json\/wp\/v2\/types\/page"}],"author":[{"embeddable":true,"href":"https:\/\/unotja.org.bo\/index.php\/wp-json\/wp\/v2\/users\/1"}],"replies":[{"embeddable":true,"href":"https:\/\/unotja.org.bo\/index.php\/wp-json\/wp\/v2\/comments?post=4570"}],"version-history":[{"count":2,"href":"https:\/\/unotja.org.bo\/index.php\/wp-json\/wp\/v2\/pages\/4570\/revisions"}],"predecessor-version":[{"id":4577,"href":"https:\/\/unotja.org.bo\/index.php\/wp-json\/wp\/v2\/pages\/4570\/revisions\/4577"}],"wp:attachment":[{"href":"https:\/\/unotja.org.bo\/index.php\/wp-json\/wp\/v2\/media?parent=4570"}],"curies":[{"name":"wp","href":"https:\/\/api.w.org\/{rel}","templated":true}]}}