{"id":7,"date":"2022-09-01T14:58:06","date_gmt":"2022-09-01T14:58:06","guid":{"rendered":"https:\/\/portal.unotja.org.bo\/?page_id=7"},"modified":"2026-04-09T09:12:45","modified_gmt":"2026-04-09T13:12:45","slug":"inicio","status":"publish","type":"page","link":"https:\/\/unotja.org.bo\/","title":{"rendered":"Inicio"},"content":{"rendered":"\n\n\n\n<hr class=\"wp-block-separator has-alpha-channel-opacity\"\/>\n\n\n\n<figure class=\"wp-block-gallery has-nested-images columns-default is-cropped wp-block-gallery-1 is-layout-flex wp-block-gallery-is-layout-flex\">\n<figure class=\"wp-block-image size-large\"><a href=\"https:\/\/unotja.org.bo\/wp-content\/uploads\/2026\/03\/WhatsApp-Image-2026-03-30-at-10.07.22-1.jpeg\" rel=\"lightbox[7]\"><img decoding=\"async\" loading=\"lazy\" width=\"819\" height=\"1024\" data-id=\"5144\" src=\"https:\/\/unotja.org.bo\/wp-content\/uploads\/2026\/03\/WhatsApp-Image-2026-03-30-at-10.07.22-1-819x1024.jpeg\" alt=\"\" class=\"wp-image-5144\" srcset=\"https:\/\/unotja.org.bo\/wp-content\/uploads\/2026\/03\/WhatsApp-Image-2026-03-30-at-10.07.22-1-819x1024.jpeg 819w, https:\/\/unotja.org.bo\/wp-content\/uploads\/2026\/03\/WhatsApp-Image-2026-03-30-at-10.07.22-1-240x300.jpeg 240w, https:\/\/unotja.org.bo\/wp-content\/uploads\/2026\/03\/WhatsApp-Image-2026-03-30-at-10.07.22-1-768x960.jpeg 768w, https:\/\/unotja.org.bo\/wp-content\/uploads\/2026\/03\/WhatsApp-Image-2026-03-30-at-10.07.22-1.jpeg 1080w\" sizes=\"(max-width: 819px) 100vw, 819px\" \/><\/a><\/figure>\n\n\n\n<figure class=\"wp-block-image size-large\"><a href=\"https:\/\/unotja.org.bo\/wp-content\/uploads\/2026\/03\/WhatsApp-Image-2026-03-30-at-10.07.22.jpeg\" rel=\"lightbox[7]\"><img decoding=\"async\" loading=\"lazy\" width=\"819\" height=\"1024\" data-id=\"5146\" src=\"https:\/\/unotja.org.bo\/wp-content\/uploads\/2026\/03\/WhatsApp-Image-2026-03-30-at-10.07.22-819x1024.jpeg\" alt=\"\" class=\"wp-image-5146\" srcset=\"https:\/\/unotja.org.bo\/wp-content\/uploads\/2026\/03\/WhatsApp-Image-2026-03-30-at-10.07.22-819x1024.jpeg 819w, https:\/\/unotja.org.bo\/wp-content\/uploads\/2026\/03\/WhatsApp-Image-2026-03-30-at-10.07.22-240x300.jpeg 240w, https:\/\/unotja.org.bo\/wp-content\/uploads\/2026\/03\/WhatsApp-Image-2026-03-30-at-10.07.22-768x960.jpeg 768w, https:\/\/unotja.org.bo\/wp-content\/uploads\/2026\/03\/WhatsApp-Image-2026-03-30-at-10.07.22-1229x1536.jpeg 1229w, https:\/\/unotja.org.bo\/wp-content\/uploads\/2026\/03\/WhatsApp-Image-2026-03-30-at-10.07.22.jpeg 1638w\" sizes=\"(max-width: 819px) 100vw, 819px\" \/><\/a><\/figure>\n\n\n\n<figure class=\"wp-block-image size-large is-style-default\"><a href=\"https:\/\/unotja.org.bo\/wp-content\/uploads\/2026\/03\/WhatsApp-Image-2026-03-30-at-10.07.23.jpeg\" rel=\"lightbox[7]\"><img decoding=\"async\" loading=\"lazy\" width=\"819\" height=\"1024\" data-id=\"5143\" src=\"https:\/\/unotja.org.bo\/wp-content\/uploads\/2026\/03\/WhatsApp-Image-2026-03-30-at-10.07.23-819x1024.jpeg\" alt=\"\" class=\"wp-image-5143\" srcset=\"https:\/\/unotja.org.bo\/wp-content\/uploads\/2026\/03\/WhatsApp-Image-2026-03-30-at-10.07.23-819x1024.jpeg 819w, https:\/\/unotja.org.bo\/wp-content\/uploads\/2026\/03\/WhatsApp-Image-2026-03-30-at-10.07.23-240x300.jpeg 240w, https:\/\/unotja.org.bo\/wp-content\/uploads\/2026\/03\/WhatsApp-Image-2026-03-30-at-10.07.23-768x960.jpeg 768w, https:\/\/unotja.org.bo\/wp-content\/uploads\/2026\/03\/WhatsApp-Image-2026-03-30-at-10.07.23-1229x1536.jpeg 1229w, https:\/\/unotja.org.bo\/wp-content\/uploads\/2026\/03\/WhatsApp-Image-2026-03-30-at-10.07.23.jpeg 1638w\" sizes=\"(max-width: 819px) 100vw, 819px\" \/><\/a><\/figure>\n<\/figure>\n\n\n\n<hr class=\"wp-block-separator has-alpha-channel-opacity\"\/>\n\n\n\n<div class=\"wp-block-cover alignfull\" style=\"min-height:1104px\"><span aria-hidden=\"true\" class=\"wp-block-cover__background has-nv-site-bg-background-color has-background-dim-100 has-background-dim\"><\/span><div class=\"wp-block-cover__inner-container is-layout-flow wp-block-cover-is-layout-flow\">\n<div class=\"wp-block-group is-layout-flow wp-block-group-is-layout-flow\"><div class=\"wp-block-group__inner-container\">\n<div style=\"height:15px\" aria-hidden=\"true\" class=\"wp-block-spacer\"><\/div>\n\n\n\n<p><\/p>\n\n\n\n<div class=\"wp-block-columns is-layout-flex wp-container-8 wp-block-columns-is-layout-flex\">\n<div class=\"wp-block-column is-layout-flow wp-block-column-is-layout-flow\" style=\"flex-basis:50%\">\n<h1 class=\"wp-block-heading has-text-align-center has-neve-text-color-color has-text-color\"> NOTICIAS<\/h1>\n\n\n\n<h1 class=\"wp-block-heading has-text-align-center has-neve-text-color-color has-text-color\"> <strong>UNO-Tarija<\/strong><\/h1>\n\n\n\n<p class=\"has-text-align-center has-neve-text-color-color has-text-color\" style=\"font-size:17px\">La UNO te informa, aqu\u00ed podr\u00e1s encontrar las \u00faltimas actividades, comunicados importantes, ofertas acad\u00e9micas y beneficios de ser parte de la UNO, ven \u00fanete a nosotros y has la diferencia. <strong><em>SOMOS UNO<\/em><\/strong>!<\/p>\n\n\n\n<p><\/p>\n\n\n\n<div class=\"wp-block-buttons is-content-justification-center is-layout-flex wp-container-3 wp-block-buttons-is-layout-flex\">\n<div class=\"wp-block-button is-style-primary\"><a class=\"wp-block-button__link wp-element-button\" href=\"https:\/\/unotja.org.bo\/index.php\/la-uno-contigo-3\/\">DESTACADOS UNO<\/a><\/div>\n\n\n\n<div class=\"wp-block-button is-style-primary\"><a class=\"wp-block-button__link wp-element-button\" href=\"https:\/\/unotja.org.bo\/index.php\/comunicados-uno-tarija\/\">COMUNICADOS<\/a><\/div>\n\n\n\n<div class=\"wp-block-button is-style-primary\"><a class=\"wp-block-button__link wp-element-button\" href=\"https:\/\/unotja.org.bo\/index.php\/actividades-uno\/\">ACTIVIDADES<\/a><\/div>\n\n\n\n<div class=\"wp-block-button is-style-primary\"><a class=\"wp-block-button__link wp-element-button\" href=\"https:\/\/unotja.org.bo\/index.php\/caporales-uno\/\">BECAS UNO<\/a><\/div>\n<\/div>\n\n\n\n<p><\/p>\n\n\n\n<p><\/p>\n\n\n\n<div class=\"wp-block-group is-layout-constrained wp-block-group-is-layout-constrained\"><div class=\"wp-block-group__inner-container\">\n<div class=\"wp-block-group is-layout-constrained wp-block-group-is-layout-constrained\"><div class=\"wp-block-group__inner-container\"><div class=\"wp-block-image\">\n<figure class=\"alignleft size-large is-resized\"><a href=\"https:\/\/www.facebook.com\/UNOTarija\"><img decoding=\"async\" loading=\"lazy\" width=\"1024\" height=\"696\" src=\"https:\/\/unotja.org.bo\/wp-content\/uploads\/2024\/10\/FACEBOKK2-1024x696.jpg\" alt=\"\" class=\"wp-image-3318\" style=\"aspect-ratio:1.471264367816092;width:64px;height:auto\" srcset=\"https:\/\/unotja.org.bo\/wp-content\/uploads\/2024\/10\/FACEBOKK2-1024x696.jpg 1024w, https:\/\/unotja.org.bo\/wp-content\/uploads\/2024\/10\/FACEBOKK2-300x204.jpg 300w, https:\/\/unotja.org.bo\/wp-content\/uploads\/2024\/10\/FACEBOKK2-768x522.jpg 768w, https:\/\/unotja.org.bo\/wp-content\/uploads\/2024\/10\/FACEBOKK2-1536x1044.jpg 1536w, https:\/\/unotja.org.bo\/wp-content\/uploads\/2024\/10\/FACEBOKK2-2048x1392.jpg 2048w\" sizes=\"(max-width: 1024px) 100vw, 1024px\" \/><\/a><\/figure><\/div>\n\n<div class=\"wp-block-image\">\n<figure class=\"alignleft size-full is-resized\"><a href=\"https:\/\/www.instagram.com\/unotarijaoficial\/\"><img decoding=\"async\" loading=\"lazy\" width=\"600\" height=\"750\" src=\"https:\/\/unotja.org.bo\/wp-content\/uploads\/2024\/10\/INSTAGRAN.png\" alt=\"\" class=\"wp-image-3320\" style=\"aspect-ratio:1.471264367816092;width:68px;height:auto\" srcset=\"https:\/\/unotja.org.bo\/wp-content\/uploads\/2024\/10\/INSTAGRAN.png 600w, https:\/\/unotja.org.bo\/wp-content\/uploads\/2024\/10\/INSTAGRAN-240x300.png 240w\" sizes=\"(max-width: 600px) 100vw, 600px\" \/><\/a><\/figure><\/div><\/div><\/div>\n<\/div><\/div>\n\n\n<div class=\"wp-block-image\">\n<figure class=\"alignleft size-large is-resized\"><a href=\"https:\/\/www.tiktok.com\/@univunotarija\"><img decoding=\"async\" loading=\"lazy\" width=\"1024\" height=\"1024\" src=\"https:\/\/unotja.org.bo\/wp-content\/uploads\/2024\/10\/tik-tok-1024x1024.png\" alt=\"\" class=\"wp-image-3327\" style=\"aspect-ratio:1.471264367816092;width:63px;height:auto\" srcset=\"https:\/\/unotja.org.bo\/wp-content\/uploads\/2024\/10\/tik-tok-1024x1024.png 1024w, https:\/\/unotja.org.bo\/wp-content\/uploads\/2024\/10\/tik-tok-300x300.png 300w, https:\/\/unotja.org.bo\/wp-content\/uploads\/2024\/10\/tik-tok-150x150.png 150w, https:\/\/unotja.org.bo\/wp-content\/uploads\/2024\/10\/tik-tok-768x768.png 768w, https:\/\/unotja.org.bo\/wp-content\/uploads\/2024\/10\/tik-tok-1536x1536.png 1536w, https:\/\/unotja.org.bo\/wp-content\/uploads\/2024\/10\/tik-tok.png 2000w\" sizes=\"(max-width: 1024px) 100vw, 1024px\" \/><\/a><\/figure><\/div>\n\n<div class=\"wp-block-image\">\n<figure class=\"alignleft size-full is-resized\"><a href=\"https:\/\/unotja.org.bo\/index.php\/anato-uno-2024\/\"><img decoding=\"async\" loading=\"lazy\" width=\"641\" height=\"389\" src=\"https:\/\/unotja.org.bo\/wp-content\/uploads\/2024\/10\/ANATO-UNO-removebg-preview.jpg\" alt=\"\" class=\"wp-image-3433\" style=\"aspect-ratio:1.471264367816092;width:64px;height:auto\" srcset=\"https:\/\/unotja.org.bo\/wp-content\/uploads\/2024\/10\/ANATO-UNO-removebg-preview.jpg 641w, https:\/\/unotja.org.bo\/wp-content\/uploads\/2024\/10\/ANATO-UNO-removebg-preview-300x182.jpg 300w\" sizes=\"(max-width: 641px) 100vw, 641px\" \/><\/a><\/figure><\/div>\n\n<div class=\"wp-block-image\">\n<figure class=\"alignleft size-full is-resized\"><a href=\"https:\/\/unotja.org.bo\/index.php\/2025\/03\/24\/lobos-uno\/\"><img decoding=\"async\" loading=\"lazy\" width=\"225\" height=\"225\" src=\"https:\/\/unotja.org.bo\/wp-content\/uploads\/2025\/03\/lobos-uno.jpg\" alt=\"\" class=\"wp-image-4178\" style=\"aspect-ratio:1.471264367816092;width:64px;height:auto\" srcset=\"https:\/\/unotja.org.bo\/wp-content\/uploads\/2025\/03\/lobos-uno.jpg 225w, https:\/\/unotja.org.bo\/wp-content\/uploads\/2025\/03\/lobos-uno-150x150.jpg 150w\" sizes=\"(max-width: 225px) 100vw, 225px\" \/><\/a><\/figure><\/div>\n\n\n<div style=\"height:0px\" aria-hidden=\"true\" class=\"wp-block-spacer\"><\/div>\n<\/div>\n\n\n\n<div class=\"wp-block-column is-vertically-aligned-center is-layout-flow wp-block-column-is-layout-flow\" style=\"flex-basis:50%\">\n<figure class=\"wp-block-image size-large is-resized\"><a href=\"https:\/\/unotja.org.bo\/wp-content\/uploads\/2026\/04\/WhatsApp-Image-2026-04-09-at-09.12.07.jpeg\" rel=\"lightbox[7]\"><img decoding=\"async\" loading=\"lazy\" width=\"819\" height=\"1024\" src=\"https:\/\/unotja.org.bo\/wp-content\/uploads\/2026\/04\/WhatsApp-Image-2026-04-09-at-09.12.07-819x1024.jpeg\" alt=\"\" class=\"wp-image-5177\" style=\"aspect-ratio:0.7998046875;width:567px;height:auto\" srcset=\"https:\/\/unotja.org.bo\/wp-content\/uploads\/2026\/04\/WhatsApp-Image-2026-04-09-at-09.12.07-819x1024.jpeg 819w, https:\/\/unotja.org.bo\/wp-content\/uploads\/2026\/04\/WhatsApp-Image-2026-04-09-at-09.12.07-240x300.jpeg 240w, https:\/\/unotja.org.bo\/wp-content\/uploads\/2026\/04\/WhatsApp-Image-2026-04-09-at-09.12.07-768x960.jpeg 768w, https:\/\/unotja.org.bo\/wp-content\/uploads\/2026\/04\/WhatsApp-Image-2026-04-09-at-09.12.07.jpeg 1080w\" sizes=\"(max-width: 819px) 100vw, 819px\" \/><\/a><\/figure>\n<\/div>\n<\/div>\n<\/div><\/div>\n<\/div><\/div>\n\n\n\n<p><\/p>\n\n\n\n<p><\/p>\n\n\n\n<p><\/p>\n\n\n\n<p><\/p>\n\n\n\n<p><\/p>\n\n\n\n<div class=\"wp-block-columns is-layout-flex wp-container-13 wp-block-columns-is-layout-flex\">\n<div class=\"wp-block-column is-layout-flow wp-block-column-is-layout-flow\"><div class=\"wp-block-image icon-style is-style-default\">\n<figure class=\"aligncenter size-full is-resized\"><img decoding=\"async\" loading=\"lazy\" width=\"512\" height=\"512\" src=\"https:\/\/portal.unotja.org.bo\/wp-content\/uploads\/2022\/09\/mision.png\" alt=\"\" class=\"wp-image-64\" style=\"width:64px;height:64px\" srcset=\"https:\/\/unotja.org.bo\/wp-content\/uploads\/2022\/09\/mision.png 512w, https:\/\/unotja.org.bo\/wp-content\/uploads\/2022\/09\/mision-300x300.png 300w, https:\/\/unotja.org.bo\/wp-content\/uploads\/2022\/09\/mision-150x150.png 150w\" sizes=\"(max-width: 512px) 100vw, 512px\" \/><\/figure><\/div>\n\n\n<h3 class=\"wp-block-heading has-text-align-center has-neve-text-color-color has-text-color\">Misi\u00f3n<\/h3>\n\n\n\n<p class=\"has-text-align-center\">Formar profesionales competentes, \u00e9ticos l\u00edderes con emprendedurismo en base a la diversidad cultural, la ciencia y tecnolog\u00eda para contribuir al desarrollo de la sociedad<\/p>\n\n\n\n<div style=\"height:20px\" aria-hidden=\"true\" class=\"wp-block-spacer\"><\/div>\n<\/div>\n\n\n\n<div class=\"wp-block-column is-layout-flow wp-block-column-is-layout-flow\"><div class=\"wp-block-image icon-style is-style-default\">\n<figure class=\"aligncenter size-full is-resized\"><img decoding=\"async\" loading=\"lazy\" width=\"512\" height=\"512\" src=\"https:\/\/portal.unotja.org.bo\/wp-content\/uploads\/2022\/09\/vision.png\" alt=\"\" class=\"wp-image-65\" style=\"width:64px;height:64px\" srcset=\"https:\/\/unotja.org.bo\/wp-content\/uploads\/2022\/09\/vision.png 512w, https:\/\/unotja.org.bo\/wp-content\/uploads\/2022\/09\/vision-300x300.png 300w, https:\/\/unotja.org.bo\/wp-content\/uploads\/2022\/09\/vision-150x150.png 150w\" sizes=\"(max-width: 512px) 100vw, 512px\" \/><\/figure><\/div>\n\n\n<h3 class=\"wp-block-heading has-text-align-center has-neve-text-color-color has-text-color\">Visi\u00f3n<\/h3>\n\n\n\n<p class=\"has-text-align-center\">Ser l\u00edderes en educaci\u00f3n superior, acreditados y reconocidos internacionalmente por la formaci\u00f3n de profesionales de alta calidad, con responsabilidad social y bases s\u00f3lidas en la investigaci\u00f3n e innovaci\u00f3n.<\/p>\n\n\n\n<div style=\"height:20px\" aria-hidden=\"true\" class=\"wp-block-spacer\"><\/div>\n<\/div>\n<\/div>\n\n\n\n<div style=\"height:40px\" aria-hidden=\"true\" class=\"wp-block-spacer\"><\/div>\n\n\n\n<div class=\"wp-block-cover alignfull\" style=\"min-height:600px\"><span aria-hidden=\"true\" class=\"wp-block-cover__background has-nv-dark-bg-background-color has-background-dim-100 has-background-dim\"><\/span><div class=\"wp-block-cover__inner-container is-layout-flow wp-block-cover-is-layout-flow\">\n<div class=\"wp-block-group is-layout-flow wp-block-group-is-layout-flow\"><div class=\"wp-block-group__inner-container\">\n<div style=\"height:60px\" aria-hidden=\"true\" class=\"wp-block-spacer\"><\/div>\n\n\n\n<h2 class=\"wp-block-heading has-nv-site-bg-color has-text-color\">Galer\u00eda de Videos<\/h2>\n\n\n\n<div style=\"height:20px\" aria-hidden=\"true\" class=\"wp-block-spacer\"><\/div>\n\n\n\n<div class=\"wp-block-columns are-vertically-aligned-center is-layout-flex wp-container-17 wp-block-columns-is-layout-flex\">\n<div class=\"wp-block-column is-layout-flow wp-block-column-is-layout-flow\">\n<figure class=\"wp-block-embed is-type-video is-provider-youtube wp-block-embed-youtube wp-embed-aspect-16-9 wp-has-aspect-ratio\"><div class=\"wp-block-embed__wrapper\">\n<div class=\"nv-iframe-embed\"><iframe loading=\"lazy\" title=\"INAUGURACI\u00d3N COPA UNO INTERPROMOCIONES 2022\" width=\"1200\" height=\"675\" src=\"https:\/\/www.youtube.com\/embed\/GvAzhVoB1W8?feature=oembed\" frameborder=\"0\" allow=\"accelerometer; autoplay; clipboard-write; encrypted-media; gyroscope; picture-in-picture; web-share\" referrerpolicy=\"strict-origin-when-cross-origin\" allowfullscreen><\/iframe><\/div>\n<\/div><\/figure>\n\n\n\n<figure class=\"wp-block-embed is-type-video is-provider-youtube wp-block-embed-youtube wp-embed-aspect-16-9 wp-has-aspect-ratio\"><div class=\"wp-block-embed__wrapper\">\n<div class=\"nv-iframe-embed\"><iframe loading=\"lazy\" title=\"UNIVERSIDAD UNO - FERIA UNIVERSITARIA\" width=\"1200\" height=\"675\" src=\"https:\/\/www.youtube.com\/embed\/f1GB9d2wroQ?feature=oembed\" frameborder=\"0\" allow=\"accelerometer; autoplay; clipboard-write; encrypted-media; gyroscope; picture-in-picture; web-share\" referrerpolicy=\"strict-origin-when-cross-origin\" allowfullscreen><\/iframe><\/div>\n<\/div><\/figure>\n<\/div>\n\n\n\n<div class=\"wp-block-column is-layout-flow wp-block-column-is-layout-flow\">\n<figure class=\"wp-block-video\"><video controls src=\"https:\/\/unotja.org.bo\/wp-content\/uploads\/2024\/10\/FDownloader.Net_AQO8BNGI129N_ySos8GIkZh10V2uaBa4u_FGlNUJKbWqSR4eijZ-FtXxuLdHPaUC1sCdOxXVroiDJS_pzY3zUwTi_720p_HD.mp4\"><\/video><\/figure>\n\n\n\n<figure class=\"wp-block-video\"><video controls src=\"https:\/\/unotja.org.bo\/wp-content\/uploads\/2024\/11\/Dogton-2024-online-video-cutter.com_.mp4\"><\/video><\/figure>\n<\/div>\n\n\n\n<div class=\"wp-block-column is-layout-flow wp-block-column-is-layout-flow\">\n<figure class=\"wp-block-embed is-type-video is-provider-youtube wp-block-embed-youtube wp-embed-aspect-16-9 wp-has-aspect-ratio\"><div class=\"wp-block-embed__wrapper\">\n<div class=\"nv-iframe-embed\"><iframe loading=\"lazy\" title=\"INSCRIPCIONES ABIERTAS 2023\" width=\"1200\" height=\"675\" src=\"https:\/\/www.youtube.com\/embed\/JyGwmUxDBF0?feature=oembed\" frameborder=\"0\" allow=\"accelerometer; autoplay; clipboard-write; encrypted-media; gyroscope; picture-in-picture; web-share\" referrerpolicy=\"strict-origin-when-cross-origin\" allowfullscreen><\/iframe><\/div>\n<\/div><\/figure>\n\n\n\n<figure class=\"wp-block-embed is-type-video is-provider-youtube wp-block-embed-youtube wp-embed-aspect-16-9 wp-has-aspect-ratio\"><div class=\"wp-block-embed__wrapper\">\n<div class=\"nv-iframe-embed\"><iframe loading=\"lazy\" title=\"Natalia nos comenta su experiencia en la carrera de MEDICINA\" width=\"1200\" height=\"675\" src=\"https:\/\/www.youtube.com\/embed\/wxikAV4trLY?feature=oembed\" frameborder=\"0\" allow=\"accelerometer; autoplay; clipboard-write; encrypted-media; gyroscope; picture-in-picture; web-share\" referrerpolicy=\"strict-origin-when-cross-origin\" allowfullscreen><\/iframe><\/div>\n<\/div><\/figure>\n<\/div>\n<\/div>\n<\/div><\/div>\n\n\n\n<figure class=\"wp-block-video\"><video controls src=\"https:\/\/unotja.org.bo\/wp-content\/uploads\/2024\/04\/uno-fin_trimmed.mp4\"><\/video><\/figure>\n\n\n\n<figure class=\"wp-block-embed is-type-video is-provider-youtube wp-block-embed-youtube wp-embed-aspect-16-9 wp-has-aspect-ratio\"><div class=\"wp-block-embed__wrapper\">\n<div class=\"nv-iframe-embed\"><iframe loading=\"lazy\" title=\"Inicio de Gesti\u00f3n I\/2023\" width=\"1200\" height=\"675\" src=\"https:\/\/www.youtube.com\/embed\/f0-yjNqHElw?feature=oembed\" frameborder=\"0\" allow=\"accelerometer; autoplay; clipboard-write; encrypted-media; gyroscope; picture-in-picture; web-share\" referrerpolicy=\"strict-origin-when-cross-origin\" allowfullscreen><\/iframe><\/div>\n<\/div><\/figure>\n<\/div><\/div>\n\n\n\n<div class=\"wp-block-cover alignfull\" style=\"min-height:300px\"><span aria-hidden=\"true\" class=\"wp-block-cover__background has-nv-dark-bg-background-color has-background-dim-100 has-background-dim\"><\/span><div class=\"wp-block-cover__inner-container is-layout-flow wp-block-cover-is-layout-flow\">\n<div style=\"height:140px\" aria-hidden=\"true\" class=\"wp-block-spacer\"><\/div>\n\n\n\n<h2 class=\"wp-block-heading has-text-align-center has-nv-text-dark-bg-color has-text-color\">Inscripciones abiertas Gestion I\/2026 <\/h2>\n\n\n\n<p class=\"has-text-align-center\">Hoy es el d\u00eda que vas a descubrir tu potencial, porque tienes el esp\u00edritu del cambio y el liderazgo para transformar tu camino<br><\/p>\n\n\n\n<p class=\"has-text-align-left has-medium-font-size\">MEDICINA <a href=\"https:\/\/unotja.org.bo\/index.php\/agenda-de-actividades\/\" data-type=\"link\" data-id=\"https:\/\/unotja.org.bo\/index.php\/agenda-de-actividades\/\">\u27a1\ufe0f<\/a> <a href=\"https:\/\/unotja.org.bo\/index.php\/medicina-5\/\">https:\/\/unotja.org.bo\/index.php\/medicina-5\/<\/a><br>ENFERMER\u00cdA<a href=\"https:\/\/unotja.org.bo\/index.php\/agenda-de-actividades\/\" data-type=\"link\" data-id=\"https:\/\/unotja.org.bo\/index.php\/agenda-de-actividades\/\">\u27a1\ufe0f<\/a><a href=\"https:\/\/unotja.org.bo\/index.php\/contaduria-publica-3\/\">https:\/\/unotja.org.bo\/index.php\/contaduria-publica-3\/<\/a><br>FISIOTERAPIA &amp; KINESIOLOG\u00cdA<a href=\"https:\/\/unotja.org.bo\/index.php\/agenda-de-actividades\/\" data-type=\"link\" data-id=\"https:\/\/unotja.org.bo\/index.php\/agenda-de-actividades\/\">\u27a1\ufe0f<\/a> <a href=\"https:\/\/unotja.org.bo\/index.php\/fisioterapia-y-kinesiologia-3\/\">https:\/\/unotja.org.bo\/index.php\/fisioterapia-y-kinesiologia-3\/<\/a><br>ODONTOLOG\u00cdA<a href=\"https:\/\/unotja.org.bo\/index.php\/agenda-de-actividades\/\" data-type=\"link\" data-id=\"https:\/\/unotja.org.bo\/index.php\/agenda-de-actividades\/\">\u27a1\ufe0f<\/a><a href=\"https:\/\/unotja.org.bo\/index.php\/odontologia-4\/\">https:\/\/unotja.org.bo\/index.php\/odontologia-4\/<\/a><br>CONTADUR\u00cdA P\u00daBLICA<a href=\"https:\/\/unotja.org.bo\/index.php\/agenda-de-actividades\/\" data-type=\"link\" data-id=\"https:\/\/unotja.org.bo\/index.php\/agenda-de-actividades\/\">\u27a1\ufe0f<\/a><a href=\"https:\/\/unotja.org.bo\/index.php\/enfermeria-4\/\">https:\/\/unotja.org.bo\/index.php\/enfermeria-4\/<\/a> <\/p>\n\n\n\n<div class=\"wp-block-buttons is-content-justification-center is-layout-flex wp-container-20 wp-block-buttons-is-layout-flex\">\n<div class=\"wp-block-button is-style-primary\"><a class=\"wp-block-button__link wp-element-button\" href=\"https:\/\/wa.link\/jbtzx9\">Mas informaci\u00f3n<\/a><\/div>\n<\/div>\n\n\n\n<div style=\"height:140px\" aria-hidden=\"true\" class=\"wp-block-spacer\"><\/div>\n<\/div><\/div>\n","protected":false},"excerpt":{"rendered":"<p>Misi\u00f3n Formar profesionales competentes, \u00e9ticos l\u00edderes con emprendedurismo en base a la diversidad cultural, la ciencia y tecnolog\u00eda para contribuir al desarrollo de la sociedad Visi\u00f3n Ser l\u00edderes en educaci\u00f3n superior, acreditados y reconocidos internacionalmente por la formaci\u00f3n de profesionales de alta calidad, con responsabilidad social y bases s\u00f3lidas en la investigaci\u00f3n e innovaci\u00f3n.<\/p>\n","protected":false},"author":1,"featured_media":0,"parent":0,"menu_order":0,"comment_status":"closed","ping_status":"closed","template":"","meta":{"neve_meta_sidebar":"","neve_meta_container":"","neve_meta_enable_content_width":"on","neve_meta_content_width":100,"neve_meta_title_alignment":"","neve_meta_author_avatar":"","neve_post_elements_order":"","neve_meta_disable_header":"","neve_meta_disable_footer":"","neve_meta_disable_title":"on","footnotes":""},"_links":{"self":[{"href":"https:\/\/unotja.org.bo\/index.php\/wp-json\/wp\/v2\/pages\/7"}],"collection":[{"href":"https:\/\/unotja.org.bo\/index.php\/wp-json\/wp\/v2\/pages"}],"about":[{"href":"https:\/\/unotja.org.bo\/index.php\/wp-json\/wp\/v2\/types\/page"}],"author":[{"embeddable":true,"href":"https:\/\/unotja.org.bo\/index.php\/wp-json\/wp\/v2\/users\/1"}],"replies":[{"embeddable":true,"href":"https:\/\/unotja.org.bo\/index.php\/wp-json\/wp\/v2\/comments?post=7"}],"version-history":[{"count":343,"href":"https:\/\/unotja.org.bo\/index.php\/wp-json\/wp\/v2\/pages\/7\/revisions"}],"predecessor-version":[{"id":5178,"href":"https:\/\/unotja.org.bo\/index.php\/wp-json\/wp\/v2\/pages\/7\/revisions\/5178"}],"wp:attachment":[{"href":"https:\/\/unotja.org.bo\/index.php\/wp-json\/wp\/v2\/media?parent=7"}],"curies":[{"name":"wp","href":"https:\/\/api.w.org\/{rel}","templated":true}]}}