{"id":951,"date":"2023-05-25T14:54:03","date_gmt":"2023-05-25T14:54:03","guid":{"rendered":"https:\/\/unotja.org.bo\/?page_id=951"},"modified":"2023-05-25T14:54:03","modified_gmt":"2023-05-25T14:54:03","slug":"parte-de-su-vida-profesional","status":"publish","type":"page","link":"https:\/\/unotja.org.bo\/index.php\/parte-de-su-vida-profesional\/","title":{"rendered":"Parte de su vida Profesional"},"content":{"rendered":"\n<p><strong>Dra. Nelly Estrada Alcoba<\/strong><\/p>\n\n\n\n<p>M\u00e9dico especialista en diagn\u00f3stico por im\u00e1genes<\/p>\n\n\n\n<p><img decoding=\"async\" loading=\"lazy\" height=\"16\" width=\"16\" alt=\"\u2611\" src=\"https:\/\/static.xx.fbcdn.net\/images\/emoji.php\/v9\/t14\/1.5\/16\/2611.png\"> Estudios realizados en la Universidad San Francisco Xavier de Chuquisaca<\/p>\n\n\n\n<p><img decoding=\"async\" loading=\"lazy\" height=\"16\" width=\"16\" alt=\"\u2611\" src=\"https:\/\/static.xx.fbcdn.net\/images\/emoji.php\/v9\/t14\/1.5\/16\/2611.png\"><a><\/a>Estudios realizados en el Hospital Ramos Mej\u00eda &#8211; UBA<\/p>\n\n\n\n<p><img decoding=\"async\" loading=\"lazy\" height=\"16\" width=\"16\" alt=\"\u2611\" src=\"https:\/\/static.xx.fbcdn.net\/images\/emoji.php\/v9\/t14\/1.5\/16\/2611.png\"> Estudios realizados en la facultad de medicina &#8211; UBA<\/p>\n\n\n\n<p><img decoding=\"async\" loading=\"lazy\" height=\"16\" width=\"16\" alt=\"\u2611\" src=\"https:\/\/static.xx.fbcdn.net\/images\/emoji.php\/v9\/t14\/1.5\/16\/2611.png\"> Fellowship de T\u00f3rax en el Hospital Italiano- Argentina<\/p>\n\n\n\n<p><img decoding=\"async\" loading=\"lazy\" height=\"16\" width=\"16\" alt=\"\u2611\" src=\"https:\/\/static.xx.fbcdn.net\/images\/emoji.php\/v9\/t14\/1.5\/16\/2611.png\"> Fellowship de RM y TC en cuerpo en el Hospital Italiano &#8211; Argentina<\/p>\n\n\n\n<p><img decoding=\"async\" loading=\"lazy\" height=\"16\" width=\"16\" alt=\"\u2611\" src=\"https:\/\/static.xx.fbcdn.net\/images\/emoji.php\/v9\/t14\/1.5\/16\/2611.png\"> Miembro de la sociedad de Radiolog\u00eda Argentina<\/p>\n\n\n\n<p><img decoding=\"async\" loading=\"lazy\" height=\"16\" width=\"16\" alt=\"\u2611\" src=\"https:\/\/static.xx.fbcdn.net\/images\/emoji.php\/v9\/t14\/1.5\/16\/2611.png\"> Miembro de la sociedad de Radiolog\u00eda Boliviana<\/p>\n\n\n\n<p><img decoding=\"async\" loading=\"lazy\" height=\"16\" width=\"16\" alt=\"\u2611\" src=\"https:\/\/static.xx.fbcdn.net\/images\/emoji.php\/v9\/t14\/1.5\/16\/2611.png\"> Miembro de la sociedad de Radiolog\u00eda Tarije\u00f1a<\/p>\n\n\n\n<p><img decoding=\"async\" loading=\"lazy\" height=\"16\" width=\"16\" alt=\"\u2611\" src=\"https:\/\/static.xx.fbcdn.net\/images\/emoji.php\/v9\/t14\/1.5\/16\/2611.png\"> Subdirectora de estudios complementarios del Hospital San Juan de Dios Tarija<\/p>\n\n\n\n<p><img decoding=\"async\" loading=\"lazy\" height=\"16\" width=\"16\" alt=\"\u2611\" src=\"https:\/\/static.xx.fbcdn.net\/images\/emoji.php\/v9\/t14\/1.5\/16\/2611.png\"> Director m\u00e9dico Poli consultorio m\u00e9dico\u00bbCIDIMEDIC\u00bb Tarija.<\/p>\n\n\n\n<p>Es un orgullo para la FAMILIA UNO contar con los mejores profesionales <img decoding=\"async\" loading=\"lazy\" height=\"16\" width=\"16\" alt=\"\ud83d\udc4f\" src=\"https:\/\/static.xx.fbcdn.net\/images\/emoji.php\/v9\/t57\/1.5\/16\/1f44f.png\"><\/p>\n","protected":false},"excerpt":{"rendered":"<p>Dra. Nelly Estrada Alcoba M\u00e9dico especialista en diagn\u00f3stico por im\u00e1genes Estudios realizados en la Universidad San Francisco Xavier de Chuquisaca Estudios realizados en el Hospital Ramos Mej\u00eda &#8211; UBA Estudios realizados en la facultad de medicina &#8211; UBA Fellowship de T\u00f3rax en el Hospital Italiano- Argentina Fellowship de RM y TC en cuerpo en el&hellip;&nbsp;<a href=\"https:\/\/unotja.org.bo\/index.php\/parte-de-su-vida-profesional\/\" class=\"\" rel=\"bookmark\">Leer m\u00e1s &raquo;<span class=\"screen-reader-text\">Parte de su vida Profesional<\/span><\/a><\/p>\n","protected":false},"author":1,"featured_media":0,"parent":0,"menu_order":0,"comment_status":"closed","ping_status":"closed","template":"","meta":{"neve_meta_sidebar":"","neve_meta_container":"","neve_meta_enable_content_width":"","neve_meta_content_width":0,"neve_meta_title_alignment":"","neve_meta_author_avatar":"","neve_post_elements_order":"","neve_meta_disable_header":"","neve_meta_disable_footer":"","neve_meta_disable_title":"","footnotes":""},"_links":{"self":[{"href":"https:\/\/unotja.org.bo\/index.php\/wp-json\/wp\/v2\/pages\/951"}],"collection":[{"href":"https:\/\/unotja.org.bo\/index.php\/wp-json\/wp\/v2\/pages"}],"about":[{"href":"https:\/\/unotja.org.bo\/index.php\/wp-json\/wp\/v2\/types\/page"}],"author":[{"embeddable":true,"href":"https:\/\/unotja.org.bo\/index.php\/wp-json\/wp\/v2\/users\/1"}],"replies":[{"embeddable":true,"href":"https:\/\/unotja.org.bo\/index.php\/wp-json\/wp\/v2\/comments?post=951"}],"version-history":[{"count":1,"href":"https:\/\/unotja.org.bo\/index.php\/wp-json\/wp\/v2\/pages\/951\/revisions"}],"predecessor-version":[{"id":952,"href":"https:\/\/unotja.org.bo\/index.php\/wp-json\/wp\/v2\/pages\/951\/revisions\/952"}],"wp:attachment":[{"href":"https:\/\/unotja.org.bo\/index.php\/wp-json\/wp\/v2\/media?parent=951"}],"curies":[{"name":"wp","href":"https:\/\/api.w.org\/{rel}","templated":true}]}}