{"id":963,"date":"2023-05-25T15:19:29","date_gmt":"2023-05-25T15:19:29","guid":{"rendered":"https:\/\/unotja.org.bo\/?page_id=963"},"modified":"2023-05-25T15:19:29","modified_gmt":"2023-05-25T15:19:29","slug":"vida-profesional","status":"publish","type":"page","link":"https:\/\/unotja.org.bo\/index.php\/vida-profesional\/","title":{"rendered":"Vida Profesional"},"content":{"rendered":"\n<p>\ud835\udc01\ud835\udc08\ud835\udc04\ud835\udc0d\ud835\udc15\ud835\udc04\ud835\udc0d\ud835\udc08\ud835\udc03\ud835\udc0e \ud835\udc00\ud835\udc0b \ud835\udc12\ud835\udc13\ud835\udc00\ud835\udc05\ud835\udc05 \ud835\udc03\ud835\udc0e\ud835\udc02\ud835\udc04\ud835\udc0d\ud835\udc13\ud835\udc04<img decoding=\"async\" loading=\"lazy\" height=\"16\" width=\"16\" alt=\"\u2757\" src=\"https:\/\/static.xx.fbcdn.net\/images\/emoji.php\/v9\/td7\/1.5\/16\/2757.png\"><img decoding=\"async\" loading=\"lazy\" height=\"16\" width=\"16\" alt=\"\u2757\" src=\"https:\/\/static.xx.fbcdn.net\/images\/emoji.php\/v9\/td7\/1.5\/16\/2757.png\"><img decoding=\"async\" loading=\"lazy\" height=\"16\" width=\"16\" alt=\"\u2757\" src=\"https:\/\/static.xx.fbcdn.net\/images\/emoji.php\/v9\/td7\/1.5\/16\/2757.png\"><\/p>\n\n\n\n<p><strong><em>Dr. Oscar Adolfo Varas Maire<\/em><\/strong> <img decoding=\"async\" loading=\"lazy\" height=\"16\" width=\"16\" src=\"https:\/\/static.xx.fbcdn.net\/images\/emoji.php\/v9\/t75\/1.5\/16\/1f468_200d_2695.png\" alt=\"\ud83d\udc68\u200d\u2695\"><\/p>\n\n\n\n<p>M\u00e9dico Gastroenter\u00f3logo<\/p>\n\n\n\n<p><img decoding=\"async\" loading=\"lazy\" height=\"16\" width=\"16\" alt=\"\u2611\" src=\"https:\/\/static.xx.fbcdn.net\/images\/emoji.php\/v9\/t14\/1.5\/16\/2611.png\"> Estudios realizados en la Universidad Cat\u00f3lica Boliviana San Pablo Unidad Acad\u00e9mica Santa Cruz<\/p>\n\n\n\n<p><img decoding=\"async\" loading=\"lazy\" height=\"16\" width=\"16\" alt=\"\u2611\" src=\"https:\/\/static.xx.fbcdn.net\/images\/emoji.php\/v9\/t14\/1.5\/16\/2611.png\"><a><\/a>Estudios realizados en Medicina Interna &#8211; Universidad de Santiago de Chile<\/p>\n\n\n\n<p><img decoding=\"async\" loading=\"lazy\" height=\"16\" width=\"16\" alt=\"\u2611\" src=\"https:\/\/static.xx.fbcdn.net\/images\/emoji.php\/v9\/t14\/1.5\/16\/2611.png\"> Estudios realizados en Gastroenterolog\u00eda en Universidad de Chile Hospital Cl\u00ednico Universidad de Chile<\/p>\n\n\n\n<p><img decoding=\"async\" loading=\"lazy\" height=\"16\" width=\"16\" alt=\"\u2611\" src=\"https:\/\/static.xx.fbcdn.net\/images\/emoji.php\/v9\/t14\/1.5\/16\/2611.png\"> Beca Aige Ciencias b\u00e1sicas hepatitis virales en Hospital Cl\u00ednico Universidad de Chile<\/p>\n\n\n\n<p><img decoding=\"async\" loading=\"lazy\" height=\"16\" width=\"16\" alt=\"\u2611\" src=\"https:\/\/static.xx.fbcdn.net\/images\/emoji.php\/v9\/t14\/1.5\/16\/2611.png\"> Honorary fellow liver unit king\u00b4s college Hospital de Londres<\/p>\n\n\n\n<p><img decoding=\"async\" loading=\"lazy\" height=\"16\" width=\"16\" alt=\"\u2611\" src=\"https:\/\/static.xx.fbcdn.net\/images\/emoji.php\/v9\/t14\/1.5\/16\/2611.png\"> Estudios realizados en endoscopia avanzada: latinamerican endoscopy training center Santiago de Chile<\/p>\n\n\n\n<p><img decoding=\"async\" loading=\"lazy\" height=\"16\" width=\"16\" alt=\"\u2611\" src=\"https:\/\/static.xx.fbcdn.net\/images\/emoji.php\/v9\/t14\/1.5\/16\/2611.png\"> Scholarship advanced endoscopy beth Israel deaconess medical center &#8211; Harvard Medical School<\/p>\n\n\n\n<p><img decoding=\"async\" loading=\"lazy\" height=\"16\" width=\"16\" alt=\"\u2611\" src=\"https:\/\/static.xx.fbcdn.net\/images\/emoji.php\/v9\/t14\/1.5\/16\/2611.png\"> Miembro de la Sociedad Chilena de Gastroenterolog\u00eda<\/p>\n\n\n\n<p><img decoding=\"async\" loading=\"lazy\" height=\"16\" width=\"16\" alt=\"\u2611\" src=\"https:\/\/static.xx.fbcdn.net\/images\/emoji.php\/v9\/t14\/1.5\/16\/2611.png\"> Director medico centro de enfermedades digestivas &#8211; Policl\u00ednico Varas Castrillo<\/p>\n\n\n\n<p><img decoding=\"async\" loading=\"lazy\" height=\"16\" width=\"16\" alt=\"\u2611\" src=\"https:\/\/static.xx.fbcdn.net\/images\/emoji.php\/v9\/t14\/1.5\/16\/2611.png\"> Consultor programa de Hepatitis virales &#8211; SEDES Tarija<\/p>\n\n\n\n<p><img decoding=\"async\" loading=\"lazy\" height=\"16\" width=\"16\" alt=\"\u2611\" src=\"https:\/\/static.xx.fbcdn.net\/images\/emoji.php\/v9\/t14\/1.5\/16\/2611.png\"> International consultant for digestive deseases king Edward VII memorial Hospital NHS. Falkland Islands<\/p>\n\n\n\n<p>Es un orgullo para la FAMILIA UNO contar con los mejores profesionales <img decoding=\"async\" loading=\"lazy\" height=\"16\" width=\"16\" alt=\"\ud83d\udc4f\" src=\"https:\/\/static.xx.fbcdn.net\/images\/emoji.php\/v9\/t57\/1.5\/16\/1f44f.png\"><\/p>\n","protected":false},"excerpt":{"rendered":"<p>\ud835\udc01\ud835\udc08\ud835\udc04\ud835\udc0d\ud835\udc15\ud835\udc04\ud835\udc0d\ud835\udc08\ud835\udc03\ud835\udc0e \ud835\udc00\ud835\udc0b \ud835\udc12\ud835\udc13\ud835\udc00\ud835\udc05\ud835\udc05 \ud835\udc03\ud835\udc0e\ud835\udc02\ud835\udc04\ud835\udc0d\ud835\udc13\ud835\udc04 Dr. Oscar Adolfo Varas Maire M\u00e9dico Gastroenter\u00f3logo Estudios realizados en la Universidad Cat\u00f3lica Boliviana San Pablo Unidad Acad\u00e9mica Santa Cruz Estudios realizados en Medicina Interna &#8211; Universidad de Santiago de Chile Estudios realizados en Gastroenterolog\u00eda en Universidad de Chile Hospital Cl\u00ednico Universidad de Chile Beca Aige Ciencias b\u00e1sicas hepatitis virales en&hellip;&nbsp;<a href=\"https:\/\/unotja.org.bo\/index.php\/vida-profesional\/\" class=\"\" rel=\"bookmark\">Leer m\u00e1s &raquo;<span class=\"screen-reader-text\">Vida Profesional<\/span><\/a><\/p>\n","protected":false},"author":1,"featured_media":0,"parent":0,"menu_order":0,"comment_status":"closed","ping_status":"closed","template":"","meta":{"neve_meta_sidebar":"","neve_meta_container":"","neve_meta_enable_content_width":"","neve_meta_content_width":0,"neve_meta_title_alignment":"","neve_meta_author_avatar":"","neve_post_elements_order":"","neve_meta_disable_header":"","neve_meta_disable_footer":"","neve_meta_disable_title":"","footnotes":""},"_links":{"self":[{"href":"https:\/\/unotja.org.bo\/index.php\/wp-json\/wp\/v2\/pages\/963"}],"collection":[{"href":"https:\/\/unotja.org.bo\/index.php\/wp-json\/wp\/v2\/pages"}],"about":[{"href":"https:\/\/unotja.org.bo\/index.php\/wp-json\/wp\/v2\/types\/page"}],"author":[{"embeddable":true,"href":"https:\/\/unotja.org.bo\/index.php\/wp-json\/wp\/v2\/users\/1"}],"replies":[{"embeddable":true,"href":"https:\/\/unotja.org.bo\/index.php\/wp-json\/wp\/v2\/comments?post=963"}],"version-history":[{"count":1,"href":"https:\/\/unotja.org.bo\/index.php\/wp-json\/wp\/v2\/pages\/963\/revisions"}],"predecessor-version":[{"id":964,"href":"https:\/\/unotja.org.bo\/index.php\/wp-json\/wp\/v2\/pages\/963\/revisions\/964"}],"wp:attachment":[{"href":"https:\/\/unotja.org.bo\/index.php\/wp-json\/wp\/v2\/media?parent=963"}],"curies":[{"name":"wp","href":"https:\/\/api.w.org\/{rel}","templated":true}]}}